{"id":6859,"date":"2017-07-05T07:15:59","date_gmt":"2017-07-05T07:15:59","guid":{"rendered":"http:\/\/csalc.ca\/?page_id=6859\/"},"modified":"2021-06-23T18:48:21","modified_gmt":"2021-06-23T18:48:21","slug":"membership","status":"publish","type":"page","link":"https:\/\/csalc.ca\/vi\/membership\/","title":{"rendered":"H\u1ed8I VI\u00caN"},"content":{"rendered":"<section class=\"wpb-content-wrapper\"><p>[vc_row 0=&#8221;&#8221;][vc_column 0=&#8221;&#8221;][g5plus_heading title_size=&#8221;28&#8243; sub_color=&#8221;accent-color&#8221; underline=&#8221;true&#8221; title=&#8221;H\u1ed8I VI\u00caN&#8221;][vc_column_text 0=&#8221;&#8221;]\u0110\u1ec3 gia nh\u1eadp v\u00e0o h\u1ed9i vi\u00ean, qu\u00fd v\u1ecb ph\u1ea3i:<img loading=\"lazy\" decoding=\"async\" class=\"size-medium wp-image-6276 alignright\" src=\"http:\/\/csalc.ca\/wp-content\/uploads\/2017\/07\/f4eca53470de6679eafec5620073f65d_f49-300x199.jpg\" alt=\"\" width=\"300\" height=\"199\" \/><\/p>\n<ul>\n<li>18 tu\u1ed5i tr\u1edf l\u00ean, v\u00e0<\/li>\n<li>c\u01b0 ng\u1ee5 t\u1ea1i th\u00e0nh ph\u1ed1 Toronto,\u00a0 th\u00e0nh ph\u1ed1 khu v\u1ef1c c\u1ee7a Peel ho\u1eb7c trong c\u00e1c \u0111\u00f4 th\u1ecb khu v\u1ef1c c\u1ee7a York.<\/li>\n<\/ul>\n<p>\u0110\u1ec3 tr\u1edf th\u00e0nh h\u1ed9i vi\u00ean , qu\u00fd v\u1ecb ch\u1ec9 c\u1ea7n \u0111i\u1ec1n \u0111\u01a1n xin gia nh\u1eadp h\u1ed9i vi\u00ean, g\u1edfi v\u1ec1 cho trung\u00a0 t\u00e2m,\u00a0 v\u00e0 kh\u00f4ng c\u1ea7n \u0111\u00f3ng l\u1ec7 ph\u00ed.\u00a0 L\u00e0 h\u1ed9i vi\u00ean,\u00a0 qu\u00fd v\u1ecb c\u00f3 quy\u1ec1n:<\/p>\n<ul>\n<li>b\u1ecf phi\u1ebfu b\u1ea7u c\u1eed\u00a0 Ban Qu\u1ea3n Tr\u1ecb trong bu\u1ed5i h\u1ecdp th\u01b0\u1eddng ni\u00ean \u0111\u1ec3 \u0111\u01b0\u1ee3c b\u00e1o c\u00e1o c\u00e1c ho\u1ea1t \u0111\u1ed9ng th\u01b0\u1eddng ni\u00ean c\u1ee7a ch\u00fang t\u00f4i,<\/li>\n<li>tham gia v\u00e0o nh\u1eefng ho\u1ea1t \u0111\u1ed9ng c\u1ee7a c\u00e1c \u1ee6y ban Chuy\u00ean tr\u00e1ch,<\/li>\n<li>b\u1ea7u c\u1eed cho th\u00e0nh vi\u00ean Ban Qu\u1ea3n Tr\u1ecb,<\/li>\n<li>\u0111\u1ecbnh k\u1ef3 nh\u1eadn \u0111\u01b0\u1ee3c b\u1ea3n tin h\u1ed9i vi\u00ean. B\u1ea3n tin cung c\u1ea5p cho h\u1ed9i vi\u00ean th\u00f4ng tin v\u1ec1 thay \u0111\u1ed5i lu\u1eadt ph\u00e1p v\u00e0 c\u00e1c ki\u1ebfn th\u1ee9c li\u00ean quan \u0111\u1ebfn ph\u00e1p lu\u1eadt thi\u1ebft th\u1ef1c cho cu\u1ed9c s\u1ed1ng h\u00e0ng ng\u00e0y.<\/li>\n<\/ul>\n<p>[\/vc_column_text][g5plus_space desktop=&#8221;40&#8243; tablet=&#8221;70&#8243; tablet_portrait=&#8221;60&#8243; mobile_landscape=&#8221;50&#8243; mobile=&#8221;40&#8243;][g5plus_heading title_size=&#8221;18&#8243; check_sub_title=&#8221;&#8221; underline=&#8221;true&#8221; title=&#8221;\u0110\u01a1n xin gia nh\u1eadp h\u1ed9i vi\u00ean&#8221; css=&#8221;.vc_custom_1624473097568{margin-bottom: 20px !important;}&#8221;][\/vc_column][\/vc_row][vc_row][vc_column][vc_raw_html]JTIwJTIwJTIwJTIwJTIwJTIwJTIwJTIwJTIwJTIwJTIwJTIwJTNDZm9ybSUyMGlkJTNEJTIybGl2ZV9mb3JtJTIyJTNFJTBBJTIwJTIwJTIwJTIwJTIwJTIwJTIwJTIwJTIwJTIwJTIwJTIwJTIwJTIwJTNDZGl2JTIwY2xhc3MlM0QlMjJmb3JtLWdyb3VwJTIyJTNFJTBBJTIwJTIwJTIwJTIwJTIwJTIwJTIwJTIwJTIwJTIwJTIwJTIwJTIwJTIwJTIwJTIwJTNDbGFiZWwlMjBjbGFzcyUzRCUyMmNvbnRyb2wtbGFiZWwlMjIlM0UlMEElMjAlMjAlMjAlMjAlMjAlMjAlMjAlMjAlMjAlMjAlMjAlMjAlMjAlMjAlMjAlMjAlMjBCJUUxJUJBJUExbiUyMGMlQzMlQjMlMjAlQzQlOTElRTElQkIlQTclMjAxOCUyMHR1JUUxJUJCJTk1aSUyMHRyJUUxJUJCJTlGJTIwbCVDMyVBQW4lMjBraCVDMyVCNG5nJTNGJTBBJTIwJTIwJTIwJTIwJTIwJTIwJTIwJTIwJTIwJTIwJTIwJTIwJTIwJTIwJTIwJTIwJTNDJTJGbGFiZWwlM0UlMEElMjAlMjAlMjAlMjAlMjAlMjAlMjAlMjAlMjAlMjAlMjAlMjAlMjAlMjAlMjAlMjAlM0NkaXYlMjBjbGFzcyUzRCUyMiUyMiUzRSUwQSUyMCUyMCUyMCUyMCUyMCUyMCUyMCUyMCUyMCUyMCUyMCUyMCUyMCUyMCUyMCUyMCUyMCUyMCUzQ2RpdiUyMGNsYXNzJTNEJTIycmFkaW8lMjIlM0UlMEElMjAlMjAlMjAlMjAlMjAlMjAlMjAlMjAlMjAlMjAlMjAlMjAlMjAlMjAlMjAlMjAlMjAlMjAlMjAlMjAlM0NsYWJlbCUyMGNsYXNzJTNEJTIycmFkaW8lMjIlM0UlMEElMjAlMjAlMjAlMjAlMjAlMjAlMjAlMjAlMjAlMjAlMjAlMjAlMjAlMjAlMjAlMjAlMjAlMjAlMjAlMjAlMjAlMjAlM0NpbnB1dCUyMG5hbWUlM0QlMjJyYXRpbmclMjIlMjB0eXBlJTNEJTIycmFkaW8lMjIlMjB2YWx1ZSUzRCUyMkV4Y2VsbGVudCUyMiUyMCUyRiUzRSUwQSUyMCUyMCUyMCUyMCUyMCUyMCUyMCUyMCUyMCUyMCUyMCUyMCUyMCUyMCUyMCUyMCUyMCUyMCUyMCUyMCUyMCUyMCVDNCU5MCVDMyVCQW5nJTBBJTIwJTIwJTIwJTIwJTIwJTIwJTIwJTIwJTIwJTIwJTIwJTIwJTIwJTIwJTIwJTIwJTIwJTIwJTIwJTIwJTNDJTJGbGFiZWwlM0UlMEElMjAlMjAlMjAlMjAlMjAlMjAlMjAlMjAlMjAlMjAlMjAlMjAlMjAlMjAlMjAlMjAlMjAlMjAlM0MlMkZkaXYlM0UlMEElMEElMjAlMjAlMjAlMjAlMjAlMjAlMjAlMjAlMjAlMjAlMjAlMjAlMjAlMjAlMjAlMjAlMjAlMjAlM0NkaXYlMjBjbGFzcyUzRCUyMnJhZGlvJTIyJTNFJTBBJTIwJTIwJTIwJTIwJTIwJTIwJTIwJTIwJTIwJTIwJTIwJTIwJTIwJTIwJTIwJTIwJTIwJTIwJTIwJTIwJTNDbGFiZWwlMjBjbGFzcyUzRCUyMnJhZGlvJTIyJTNFJTBBJTIwJTIwJTIwJTIwJTIwJTIwJTIwJTIwJTIwJTIwJTIwJTIwJTIwJTIwJTIwJTIwJTIwJTIwJTIwJTIwJTIwJTIwJTNDaW5wdXQlMjBuYW1lJTNEJTIycmF0aW5nJTIyJTIwdHlwZSUzRCUyMnJhZGlvJTIyJTIwdmFsdWUlM0QlMjJCYWQlMjIlMjAlMkYlM0UlMEElMjAlMjAlMjAlMjAlMjAlMjAlMjAlMjAlMjAlMjAlMjAlMjAlMjAlMjAlMjAlMjAlMjAlMjAlMjAlMjAlMjAlMjBLaCVDMyVCNG5nJTBBJTIwJTIwJTIwJTIwJTIwJTIwJTIwJTIwJTIwJTIwJTIwJTIwJTIwJTIwJTIwJTIwJTIwJTIwJTIwJTIwJTNDJTJGbGFiZWwlM0UlMEElMjAlMjAlMjAlMjAlMjAlMjAlMjAlMjAlMjAlMjAlMjAlMjAlMjAlMjAlMjAlMjAlMjAlMjAlM0MlMkZkaXYlM0UlMEElMjAlMjAlMjAlMjAlMjAlMjAlMjAlMjAlMjAlMjAlMjAlMjAlMjAlMjAlMjAlMjAlM0MlMkZkaXYlM0UlMEElMjAlMjAlMjAlMjAlMjAlMjAlMjAlMjAlMjAlMjAlMjAlMjAlMjAlMjAlM0MlMkZkaXYlM0UlMEElMjAlMjAlMjAlMjAlMjAlMjAlMjAlMjAlMjAlMjAlMjAlMjAlMjAlMjAlM0NkaXYlMjBjbGFzcyUzRCUyMmZvcm0tZ3JvdXAlMjBoaWRkZW4lMjIlM0UlMEElMDklMDklMDklMDklMjAlMjAlM0NkaXYlMjBpZCUzRCUyMmZlZWRiYWNrX2JhZCUyMiUzRSUwQSUyMCUyMCUyMCUyMCUyMCUyMCUyMCUyMCUyMCUyMCUyMCUyMCUyMCUyMCUyMCUyMCUzQ2xhYmVsJTIwY2xhc3MlM0QlMjJjb250cm9sLWxhYmVsJTIyJTIwZm9yJTNEJTIyZmVlZGJhY2tfYmFkJTIyJTNFJTBBJTIwJTIwJTIwJTIwJTIwJTIwJTIwJTIwJTIwJTIwJTIwJTIwJTIwJTIwJTIwJTIwJTIwWGluJTIwbCVFMSVCQiU5N2klMkMlMjBiJUUxJUJBJUExbiUyMHBoJUUxJUJBJUEzaSUyMHQlRTElQkIlQUIlMjAxOCUyMHR1JUUxJUJCJTk1aSUyMHRyJUUxJUJCJTlGJTIwbCVDMyVBQW4lMjBtJUUxJUJCJTlCaSUyMGMlQzMlQjMlMjB0aCVFMSVCQiU4MyUyMCUyMHRyJUUxJUJCJTlGJTIwdGglQzMlQTBuaCUyMHRoJUMzJUEwbmglMjB2aSVDMyVBQW4lMjBoJUUxJUJCJTk5aSUyMCVDNCU5MSVFMSVCQiU5M25nJTIwcXUlRTElQkElQTNuJTIwdHIlRTElQkIlOEIuJTBBJTIwJTIwJTIwJTIwJTIwJTIwJTIwJTIwJTIwJTIwJTIwJTIwJTIwJTIwJTIwJTIwJTNDJTJGbGFiZWwlM0UlMEElMDklMDklMDklMDklM0MlMkZkaXYlM0UlMEElMjAlMjAlMjAlMjAlMjAlMjAlMjAlMjAlMjAlMjAlMjAlMjAlMjAlMjAlM0MlMkZkaXYlM0UlMEElMEElMjAlMjAlMjAlMjAlMjAlMjAlMjAlMjAlMjAlMjAlMjAlMjAlMjAlMjAlM0NkaXYlMjBjbGFzcyUzRCUyMmZvcm0tZ3JvdXAlMjBoaWRkZW4lMjIlMjBpZCUzRCUyMmRpdl90ZXN0aW1vbmlhbCUyMiUzRSUwQSUyMCUyMCUyMCUyMCUyMCUyMCUyMCUyMCUyMCUyMCUyMCUyMCUyMCUyMCUyMCUyMCUzQ2RpdiUzRSUwQSUyMCUyMCUyMCUyMCUyMCUyMCUyMCUyMCUyMCUyMCUyMCUyMCUyMCUyMCUyMCUyMCUyMCUyMCUzQ2xhYmVsJTIwY2xhc3MlM0QlMjJjb250cm9sLWxhYmVsJTIyJTIwZm9yJTNEJTIydGVzdGltb25pYWwlMjIlM0UlMEElMjAlMjAlMjAlMjAlMjAlMjAlMjAlMjAlMjAlMjAlMjAlMjAlMjAlMjAlMjAlMjAlMjAlMjBUdXklRTElQkIlODd0JTIwdiVFMSVCQiU5RGklMjElMjBCJUUxJUJBJUExbiUyMGMlQzMlQjMlMjBwaCVFMSVCQSVBM2klMjAlQzQlOTFhbmclMjAlMjBzJUUxJUJCJTkxbmclMjAlRTElQkIlOUYlMjBUaCVDMyVBMG5oJTIwcGglRTElQkIlOTElMjBUb3JvbnRvJTJDJTIwJUM0JTkwJUMzJUI0JTIwdGglRTElQkIlOEIlMjBWJUMzJUI5bmclMjBQZWVsJTIwaGF5JTIwViVDMyVCOW5nJTIwWW9yayUyMGhheSUyMGtoJUMzJUI0bmclM0YlMEElMjAlMjAlMjAlMjAlMjAlMjAlMjAlMjAlMjAlMjAlMjAlMjAlMjAlMjAlMjAlMjAlMjAlMjAlM0MlMkZsYWJlbCUzRSUwQSUyMCUyMCUyMCUyMCUyMCUyMCUyMCUyMCUyMCUyMCUyMCUyMCUyMCUyMCUyMCUyMCUyMCUyMCUzQ2RpdiUzRSUwQSUyMCUyMCUyMCUyMCUyMCUyMCUyMCUyMCUyMCUyMCUyMCUyMCUyMCUyMCUyMCUyMCUyMCUyMCUyMCUyMCUzQ2xhYmVsJTIwY2xhc3MlM0QlMjJyYWRpby1pbmxpbmUlMjIlM0UlMEElMjAlMjAlMjAlMjAlMjAlMjAlMjAlMjAlMjAlMjAlMjAlMjAlMjAlMjAlMjAlMjAlMjAlMjAlMjAlMjAlMjAlMjAlM0NpbnB1dCUyMG5hbWUlM0QlMjJ0ZXN0aW1vbmlhbCUyMiUyMHR5cGUlM0QlMjJyYWRpbyUyMiUyMHZhbHVlJTNEJTIyeWVzJTIyJTIwJTJGJTNFJTBBJTIwJTIwJTIwJTIwJTIwJTIwJTIwJTIwJTIwJTIwJTIwJTIwJTIwJTIwJTIwJTIwJTIwJTIwJTIwJTIwJTIwJTIwJUM0JTkwJUMzJUJBbmclMEElMjAlMjAlMjAlMjAlMjAlMjAlMjAlMjAlMjAlMjAlMjAlMjAlMjAlMjAlMjAlMjAlMjAlMjAlMjAlMjAlM0MlMkZsYWJlbCUzRSUwQSUyMCUyMCUyMCUyMCUyMCUyMCUyMCUyMCUyMCUyMCUyMCUyMCUyMCUyMCUyMCUyMCUyMCUyMCUyMCUyMCUzQ2xhYmVsJTIwY2xhc3MlM0QlMjJyYWRpby1pbmxpbmUlMjIlM0UlMEElMjAlMjAlMjAlMjAlMjAlMjAlMjAlMjAlMjAlMjAlMjAlMjAlMjAlMjAlMjAlMjAlMjAlMjAlMjAlMjAlMjAlMjAlM0NpbnB1dCUyMG5hbWUlM0QlMjJ0ZXN0aW1vbmlhbCUyMiUyMHR5cGUlM0QlMjJyYWRpbyUyMiUyMHZhbHVlJTNEJTIybm8lMjIlMjAlMkYlM0UlMEElMjAlMjAlMjAlMjAlMjAlMjAlMjAlMjAlMjAlMjAlMjAlMjAlMjAlMjAlMjAlMjAlMjAlMjAlMjAlMjAlMjAlMjBLaCVDMyVCNG5nJTBBJTIwJTIwJTIwJTIwJTIwJTIwJTIwJTIwJTIwJTIwJTIwJTIwJTIwJTIwJTIwJTIwJTIwJTIwJTIwJTIwJTNDJTJGbGFiZWwlM0UlMEElMjAlMjAlMjAlMjAlMjAlMjAlMjAlMjAlMjAlMjAlMjAlMjAlMjAlMjAlMjAlMjAlMjAlMjAlM0MlMkZkaXYlM0UlMEElMjAlMjAlMjAlMjAlMjAlMjAlMjAlMjAlMjAlMjAlMjAlMjAlMjAlMjAlMjAlMjAlM0MlMkZkaXYlM0UlMEElMjAlMjAlMjAlMjAlMjAlMjAlMjAlMjAlMjAlMjAlMjAlMjAlMjAlMjAlM0MlMkZkaXYlM0UlMEElMjAlMjAlMjAlMjAlMjAlMjAlMjAlMjAlMjAlMjAlMjAlMjAlMjAlMjAlM0NkaXYlMjBjbGFzcyUzRCUyMmZvcm0tZ3JvdXAlMjBoaWRkZW4lMjIlM0UlMEElMjAlMjAlMjAlMjAlMjAlMjAlMjAlMjAlMjAlMjAlMjAlMjAlMjAlMjAlMjAlMjAlM0NsYWJlbCUyMGNsYXNzJTNEJTIyY29udHJvbC1sYWJlbCUyMiUyMGZvciUzRCUyMmZlZWRiYWNrX2dyZWF0JTIyJTNFJTBBJTIwJTIwJTIwJTIwJTIwJTIwJTIwJTIwJTIwJTIwJTIwJTIwJTIwJTIwJTIwJTIwJTIwQyVFMSVCQSVBM20lMjAlQzYlQTFuJTIwYiVFMSVCQSVBMW4lMjByJUUxJUJBJUE1dCUyMG5oaSVFMSVCQiU4MXUlMjElMjBWdWklMjBsJUMzJUIybmclMjAlQzQlOTFpJUUxJUJCJTgxbiUyMHYlQzMlQTBvJTIwbSVFMSVCQSVBQnUlMjB0aCVDMyVBMG5oJTIwdmklQzMlQUFuJTIwZCVDNiVCMCVFMSVCQiU5QmklMjAlQzQlOTElQzMlQTJ5JTNBJTBBJTIwJTIwJTIwJTIwJTIwJTIwJTIwJTIwJTIwJTIwJTIwJTIwJTIwJTIwJTIwJTIwJTNDJTJGbGFiZWwlM0UlMEElMjAlMjAlMjAlMjAlMjAlMjAlMjAlMjAlMjAlMjAlMjAlMjAlMjAlMjAlMjAlMjAlM0NkaXYlMjBpZCUzRCUyMmZlZWRiYWNrX2dyZWF0JTIyJTIwbmFtZSUzRCUyMmZlZWRiYWNrX2dyZWF0JTIyJTNFJTNDJTJGZGl2JTNFJTBBJTIwJTIwJTIwJTIwJTIwJTIwJTIwJTIwJTIwJTIwJTIwJTIwJTIwJTIwJTNDJTJGZGl2JTNFJTBBJTBBJTIwJTIwJTIwJTIwJTIwJTIwJTIwJTIwJTIwJTIwJTIwJTIwJTIwJTIwJTNDZGl2JTIwY2xhc3MlM0QlMjJmb3JtLWdyb3VwJTIwaGlkZGVuJTIyJTIwaWQlM0QlMjJ0aGFua3NfYW55d2F5JTIyJTNFJTBBJTIwJTIwJTIwJTIwJTIwJTIwJTIwJTIwJTIwJTIwJTIwJTIwJTIwJTIwJTIwJTIwJTNDbGFiZWwlMjBjbGFzcyUzRCUyMmNvbnRyb2wtbGFiZWwlMjIlM0UlMEElMjAlMjAlMjAlMjAlMjAlMjAlMjAlMjAlMjAlMjAlMjAlMjAlMjAlMjAlMjAlMjAlMjBYaW4lMjBsJUUxJUJCJTk3aSUyQyUyMGIlRTElQkElQTFuJTIwcGglRTElQkElQTNpJTIwcyVFMSVCQiU5MW5nJTIwJUUxJUJCJTlGJTIwbSVFMSVCQiU5OXQlMjB0cm9uZyUyMG5oJUUxJUJCJUFGbmclMjBraHUlMjB2JUUxJUJCJUIxYyUyMCVDNCU5MSVDNiVCMCVFMSVCQiVBM2MlMjBsaSVFMSVCQiU4N3QlMjBrJUMzJUFBJTIwJUUxJUJCJTlGJTIwdHIlQzMlQUFuJTIwJUM0JTkxJUUxJUJCJTgzJTIwdHIlRTElQkIlOUYlMjB0aCVDMyVBMG5oJTIwdGglQzMlQTBuaCUyMHZpJUMzJUFBbiUyMGglRTElQkIlOTlpJTIwJUM0JTkxJUUxJUJCJTkzbmclMjBxdSVFMSVCQSVBM24lMjB0ciVFMSVCQiU4Qi4lMEElMjAlMjAlMjAlMjAlMjAlMjAlMjAlMjAlMjAlMjAlMjAlMjAlMjAlMjAlMjAlMjAlM0MlMkZsYWJlbCUzRSUwQSUyMCUyMCUyMCUyMCUyMCUyMCUyMCUyMCUyMCUyMCUyMCUyMCUyMCUyMCUzQyUyRmRpdiUzRSUwQSUyMCUyMCUyMCUyMCUyMCUyMCUyMCUyMCUyMCUyMCUyMCUyMCUzQyUyRmZvcm0lM0UlMEElMjAlMjAlMjAlMjAlMjAlMjAlMjAlMjA=[\/vc_raw_html][\/vc_column][\/vc_row][vc_row el_class=&#8221;conditional-row&#8221;][vc_column]\n<div class=\"wpcf7 no-js\" id=\"wpcf7-f9406-o1\" lang=\"en-US\" dir=\"ltr\" data-wpcf7-id=\"9406\">\n<div class=\"screen-reader-response\"><p role=\"status\" aria-live=\"polite\" aria-atomic=\"true\"><\/p> <ul><\/ul><\/div>\n<form action=\"\/vi\/wp-json\/wp\/v2\/pages\/6859#wpcf7-f9406-o1\" method=\"post\" class=\"wpcf7-form init\" aria-label=\"Contact form\" novalidate=\"novalidate\" data-status=\"init\">\n<fieldset class=\"hidden-fields-container\"><input type=\"hidden\" name=\"_wpcf7\" value=\"9406\" \/><input type=\"hidden\" name=\"_wpcf7_version\" value=\"6.1.5\" \/><input type=\"hidden\" name=\"_wpcf7_locale\" value=\"en_US\" \/><input type=\"hidden\" name=\"_wpcf7_unit_tag\" value=\"wpcf7-f9406-o1\" \/><input type=\"hidden\" name=\"_wpcf7_container_post\" value=\"0\" \/><input type=\"hidden\" name=\"_wpcf7_posted_data_hash\" value=\"\" \/>\n<\/fieldset>\n<div class=\"g5plus-contact-form column-2 bg-dark clearfix\">\n\t<div class=\"column ct-name col-sm-6 col-xs-12\">\n\t\t<p><span class=\"wpcf7-form-control-wrap\" data-name=\"last-name\"><input size=\"40\" maxlength=\"400\" class=\"wpcf7-form-control wpcf7-text wpcf7-validates-as-required\" aria-required=\"true\" aria-invalid=\"false\" placeholder=\"H\u1ecd\" value=\"\" type=\"text\" name=\"last-name\" \/><\/span>\n\t\t<\/p>\n\t<\/div>\n\t<div class=\"ct-input column ct-name col-sm-6 col-xs-12\">\n\t\t<p><span class=\"wpcf7-form-control-wrap\" data-name=\"first-name\"><input size=\"40\" maxlength=\"400\" class=\"wpcf7-form-control wpcf7-text wpcf7-validates-as-required\" aria-required=\"true\" aria-invalid=\"false\" placeholder=\"T\u00ean\" value=\"\" type=\"text\" name=\"first-name\" \/><\/span>\n\t\t<\/p>\n\t<\/div>\n\t<div class=\"ct-subject ct-input column col-sm-12 col-xs-12\">\n\t\t<p><span class=\"wpcf7-form-control-wrap\" data-name=\"your-address\"><input size=\"40\" maxlength=\"400\" class=\"wpcf7-form-control wpcf7-text wpcf7-validates-as-required\" aria-required=\"true\" aria-invalid=\"false\" placeholder=\"\u0110\u1ecba ch\u1ec9\" value=\"\" type=\"text\" name=\"your-address\" \/><\/span>\n\t\t<\/p>\n\t<\/div>\n\t<div class=\"column col-sm-6 col-xs-12\">\n\t\t<p><span class=\"wpcf7-form-control-wrap\" data-name=\"home-phone\"><input size=\"40\" maxlength=\"400\" class=\"wpcf7-form-control wpcf7-tel wpcf7-validates-as-required wpcf7-text wpcf7-validates-as-tel\" aria-required=\"true\" aria-invalid=\"false\" placeholder=\"S\u1ed1 \u0111i\u1ec7n tho\u1ea1i : (nh\u00e0)\" value=\"\" type=\"tel\" name=\"home-phone\" \/><\/span>\n\t\t<\/p>\n\t<\/div>\n\t<div class=\"column col-sm-6 col-xs-12\">\n\t\t<p><span class=\"wpcf7-form-control-wrap\" data-name=\"work-phone\"><input size=\"40\" maxlength=\"400\" class=\"wpcf7-form-control wpcf7-tel wpcf7-text wpcf7-validates-as-tel\" aria-invalid=\"false\" placeholder=\"(n\u01a1i l\u00e0m vi\u1ec7c)\" value=\"\" type=\"tel\" name=\"work-phone\" \/><\/span>\n\t\t<\/p>\n\t<\/div>\n\t<div class=\"ct-email ct-input column col-xs-12\">\n\t\t<p><span class=\"wpcf7-form-control-wrap\" data-name=\"your-email\"><input size=\"40\" maxlength=\"400\" class=\"wpcf7-form-control wpcf7-email wpcf7-validates-as-required wpcf7-text wpcf7-validates-as-email\" aria-required=\"true\" aria-invalid=\"false\" placeholder=\"Email\" value=\"\" type=\"email\" name=\"your-email\" \/><\/span>\n\t\t<\/p>\n\t<\/div>\n\t<div class=\"col-xs-12 mb-3\">\n\t\t<p><b>T\u00f4i n\u00f3i ti\u1ebfng:<\/b>\n\t\t<\/p>\n\t\t<p><span class=\"wpcf7-form-control-wrap\" data-name=\"languages-spoken\"><span class=\"wpcf7-form-control wpcf7-checkbox\"><span class=\"wpcf7-list-item first\"><input type=\"checkbox\" name=\"languages-spoken[]\" value=\"Hoa\" \/><span class=\"wpcf7-list-item-label\">Hoa<\/span><\/span><span class=\"wpcf7-list-item\"><input type=\"checkbox\" name=\"languages-spoken[]\" value=\"Vi\u1ec7t\" \/><span class=\"wpcf7-list-item-label\">Vi\u1ec7t<\/span><\/span><span class=\"wpcf7-list-item\"><input type=\"checkbox\" name=\"languages-spoken[]\" value=\"Khmer\" \/><span class=\"wpcf7-list-item-label\">Khmer<\/span><\/span><span class=\"wpcf7-list-item\"><input type=\"checkbox\" name=\"languages-spoken[]\" value=\"Khmer\" \/><span class=\"wpcf7-list-item-label\">Khmer<\/span><\/span><span class=\"wpcf7-list-item last\"><input type=\"checkbox\" name=\"languages-spoken[]\" value=\"Lao\" \/><span class=\"wpcf7-list-item-label\">Lao<\/span><\/span><\/span><\/span>\n\t\t<\/p>\n\t<\/div>\n\t<div class=\"col-xs-12\">\n\t\t<p>Ng\u00f4n ng\u1eed kh\u00e1c:<br \/>\n<span class=\"wpcf7-form-control-wrap\" data-name=\"lang-other\"><input size=\"40\" maxlength=\"400\" class=\"wpcf7-form-control wpcf7-text\" aria-invalid=\"false\" value=\"\" type=\"text\" name=\"lang-other\" \/><\/span>\n\t\t<\/p>\n\t<\/div>\n\t<div class=\"col-xs-12 btn-submit mt-3\">\n\t\t<p><input class=\"wpcf7-form-control wpcf7-submit has-spinner\" type=\"submit\" value=\"G\u01a1\u0309i\" \/>\n\t\t<\/p>\n\t<\/div>\n<\/div><div class=\"wpcf7-response-output\" aria-hidden=\"true\"><\/div>\n<\/form>\n<\/div>\n[\/vc_column][\/vc_row]<\/p>\n<\/section>","protected":false},"excerpt":{"rendered":"<p>[vc_row 0=&#8221;&#8221;][vc_column 0=&#8221;&#8221;][g5plus_heading title_size=&#8221;28&#8243; sub_color=&#8221;accent-color&#8221; underline=&#8221;true&#8221; title=&#8221;H\u1ed8I VI\u00caN&#8221;][vc_column_text 0=&#8221;&#8221;]\u0110\u1ec3 gia nh\u1eadp v\u00e0o h\u1ed9i vi\u00ean, qu\u00fd v\u1ecb ph\u1ea3i: 18 tu\u1ed5i tr\u1edf l\u00ean, v\u00e0 c\u01b0 ng\u1ee5 t\u1ea1i th\u00e0nh ph\u1ed1 Toronto,\u00a0 th\u00e0nh ph\u1ed1 [&hellip;]<\/p>\n","protected":false},"author":1,"featured_media":0,"parent":0,"menu_order":0,"comment_status":"closed","ping_status":"closed","template":"","meta":{"give_campaign_id":0,"footnotes":""},"class_list":["post-6859","page","type-page","status-publish","hentry"],"yoast_head":"<!-- This site is optimized with the Yoast SEO plugin v26.8 - https:\/\/yoast.com\/product\/yoast-seo-wordpress\/ -->\n<title>H\u1ed8I VI\u00caN - CSALC<\/title>\n<meta name=\"robots\" content=\"index, follow, max-snippet:-1, max-image-preview:large, max-video-preview:-1\" \/>\n<link rel=\"canonical\" href=\"https:\/\/csalc.ca\/vi\/membership\/\" \/>\n<meta property=\"og:locale\" content=\"vi_VN\" \/>\n<meta property=\"og:type\" content=\"article\" \/>\n<meta property=\"og:title\" content=\"H\u1ed8I VI\u00caN - CSALC\" \/>\n<meta property=\"og:description\" content=\"[vc_row 0=&#8221;&#8221;][vc_column 0=&#8221;&#8221;][g5plus_heading title_size=&#8221;28&#8243; sub_color=&#8221;accent-color&#8221; underline=&#8221;true&#8221; title=&#8221;H\u1ed8I VI\u00caN&#8221;][vc_column_text 0=&#8221;&#8221;]\u0110\u1ec3 gia nh\u1eadp v\u00e0o h\u1ed9i vi\u00ean, qu\u00fd v\u1ecb ph\u1ea3i: 18 tu\u1ed5i tr\u1edf l\u00ean, v\u00e0 c\u01b0 ng\u1ee5 t\u1ea1i th\u00e0nh ph\u1ed1 Toronto,\u00a0 th\u00e0nh ph\u1ed1 [&hellip;]\" \/>\n<meta property=\"og:url\" content=\"https:\/\/csalc.ca\/vi\/membership\/\" \/>\n<meta property=\"og:site_name\" content=\"CSALC\" \/>\n<meta property=\"article:modified_time\" content=\"2021-06-23T18:48:21+00:00\" \/>\n<meta property=\"og:image\" content=\"http:\/\/csalc.ca\/wp-content\/uploads\/2017\/07\/f4eca53470de6679eafec5620073f65d_f49-300x199.jpg\" \/>\n<meta name=\"twitter:card\" content=\"summary_large_image\" \/>\n<meta name=\"twitter:label1\" content=\"Est. reading time\" \/>\n\t<meta name=\"twitter:data1\" content=\"3 minutes\" \/>\n<script type=\"application\/ld+json\" class=\"yoast-schema-graph\">{\"@context\":\"https:\/\/schema.org\",\"@graph\":[{\"@type\":\"WebPage\",\"@id\":\"https:\/\/csalc.ca\/vi\/membership\/\",\"url\":\"https:\/\/csalc.ca\/vi\/membership\/\",\"name\":\"H\u1ed8I VI\u00caN - CSALC\",\"isPartOf\":{\"@id\":\"https:\/\/csalc.ca\/vi\/#website\"},\"primaryImageOfPage\":{\"@id\":\"https:\/\/csalc.ca\/vi\/membership\/#primaryimage\"},\"image\":{\"@id\":\"https:\/\/csalc.ca\/vi\/membership\/#primaryimage\"},\"thumbnailUrl\":\"http:\/\/csalc.ca\/wp-content\/uploads\/2017\/07\/f4eca53470de6679eafec5620073f65d_f49-300x199.jpg\",\"datePublished\":\"2017-07-05T07:15:59+00:00\",\"dateModified\":\"2021-06-23T18:48:21+00:00\",\"breadcrumb\":{\"@id\":\"https:\/\/csalc.ca\/vi\/membership\/#breadcrumb\"},\"inLanguage\":\"vi-VN\",\"potentialAction\":[{\"@type\":\"ReadAction\",\"target\":[\"https:\/\/csalc.ca\/vi\/membership\/\"]}]},{\"@type\":\"ImageObject\",\"inLanguage\":\"vi-VN\",\"@id\":\"https:\/\/csalc.ca\/vi\/membership\/#primaryimage\",\"url\":\"http:\/\/csalc.ca\/wp-content\/uploads\/2017\/07\/f4eca53470de6679eafec5620073f65d_f49-300x199.jpg\",\"contentUrl\":\"http:\/\/csalc.ca\/wp-content\/uploads\/2017\/07\/f4eca53470de6679eafec5620073f65d_f49-300x199.jpg\"},{\"@type\":\"BreadcrumbList\",\"@id\":\"https:\/\/csalc.ca\/vi\/membership\/#breadcrumb\",\"itemListElement\":[{\"@type\":\"ListItem\",\"position\":1,\"name\":\"Home\",\"item\":\"https:\/\/csalc.ca\/vi\/\"},{\"@type\":\"ListItem\",\"position\":2,\"name\":\"H\u1ed8I VI\u00caN\"}]},{\"@type\":\"WebSite\",\"@id\":\"https:\/\/csalc.ca\/vi\/#website\",\"url\":\"https:\/\/csalc.ca\/vi\/\",\"name\":\"CSALC\",\"description\":\"Chinese and Southeast Asian Legal Clinic\",\"potentialAction\":[{\"@type\":\"SearchAction\",\"target\":{\"@type\":\"EntryPoint\",\"urlTemplate\":\"https:\/\/csalc.ca\/vi\/?s={search_term_string}\"},\"query-input\":{\"@type\":\"PropertyValueSpecification\",\"valueRequired\":true,\"valueName\":\"search_term_string\"}}],\"inLanguage\":\"vi-VN\"}]}<\/script>\n<!-- \/ Yoast SEO plugin. -->","yoast_head_json":{"title":"H\u1ed8I VI\u00caN - CSALC","robots":{"index":"index","follow":"follow","max-snippet":"max-snippet:-1","max-image-preview":"max-image-preview:large","max-video-preview":"max-video-preview:-1"},"canonical":"https:\/\/csalc.ca\/vi\/membership\/","og_locale":"vi_VN","og_type":"article","og_title":"H\u1ed8I VI\u00caN - CSALC","og_description":"[vc_row 0=&#8221;&#8221;][vc_column 0=&#8221;&#8221;][g5plus_heading title_size=&#8221;28&#8243; sub_color=&#8221;accent-color&#8221; underline=&#8221;true&#8221; title=&#8221;H\u1ed8I VI\u00caN&#8221;][vc_column_text 0=&#8221;&#8221;]\u0110\u1ec3 gia nh\u1eadp v\u00e0o h\u1ed9i vi\u00ean, qu\u00fd v\u1ecb ph\u1ea3i: 18 tu\u1ed5i tr\u1edf l\u00ean, v\u00e0 c\u01b0 ng\u1ee5 t\u1ea1i th\u00e0nh ph\u1ed1 Toronto,\u00a0 th\u00e0nh ph\u1ed1 [&hellip;]","og_url":"https:\/\/csalc.ca\/vi\/membership\/","og_site_name":"CSALC","article_modified_time":"2021-06-23T18:48:21+00:00","og_image":[{"url":"http:\/\/csalc.ca\/wp-content\/uploads\/2017\/07\/f4eca53470de6679eafec5620073f65d_f49-300x199.jpg","type":"","width":"","height":""}],"twitter_card":"summary_large_image","twitter_misc":{"Est. reading time":"3 minutes"},"schema":{"@context":"https:\/\/schema.org","@graph":[{"@type":"WebPage","@id":"https:\/\/csalc.ca\/vi\/membership\/","url":"https:\/\/csalc.ca\/vi\/membership\/","name":"H\u1ed8I VI\u00caN - CSALC","isPartOf":{"@id":"https:\/\/csalc.ca\/vi\/#website"},"primaryImageOfPage":{"@id":"https:\/\/csalc.ca\/vi\/membership\/#primaryimage"},"image":{"@id":"https:\/\/csalc.ca\/vi\/membership\/#primaryimage"},"thumbnailUrl":"http:\/\/csalc.ca\/wp-content\/uploads\/2017\/07\/f4eca53470de6679eafec5620073f65d_f49-300x199.jpg","datePublished":"2017-07-05T07:15:59+00:00","dateModified":"2021-06-23T18:48:21+00:00","breadcrumb":{"@id":"https:\/\/csalc.ca\/vi\/membership\/#breadcrumb"},"inLanguage":"vi-VN","potentialAction":[{"@type":"ReadAction","target":["https:\/\/csalc.ca\/vi\/membership\/"]}]},{"@type":"ImageObject","inLanguage":"vi-VN","@id":"https:\/\/csalc.ca\/vi\/membership\/#primaryimage","url":"http:\/\/csalc.ca\/wp-content\/uploads\/2017\/07\/f4eca53470de6679eafec5620073f65d_f49-300x199.jpg","contentUrl":"http:\/\/csalc.ca\/wp-content\/uploads\/2017\/07\/f4eca53470de6679eafec5620073f65d_f49-300x199.jpg"},{"@type":"BreadcrumbList","@id":"https:\/\/csalc.ca\/vi\/membership\/#breadcrumb","itemListElement":[{"@type":"ListItem","position":1,"name":"Home","item":"https:\/\/csalc.ca\/vi\/"},{"@type":"ListItem","position":2,"name":"H\u1ed8I VI\u00caN"}]},{"@type":"WebSite","@id":"https:\/\/csalc.ca\/vi\/#website","url":"https:\/\/csalc.ca\/vi\/","name":"CSALC","description":"Chinese and Southeast Asian Legal Clinic","potentialAction":[{"@type":"SearchAction","target":{"@type":"EntryPoint","urlTemplate":"https:\/\/csalc.ca\/vi\/?s={search_term_string}"},"query-input":{"@type":"PropertyValueSpecification","valueRequired":true,"valueName":"search_term_string"}}],"inLanguage":"vi-VN"}]}},"campaignId":"","_links":{"self":[{"href":"https:\/\/csalc.ca\/vi\/wp-json\/wp\/v2\/pages\/6859","targetHints":{"allow":["GET"]}}],"collection":[{"href":"https:\/\/csalc.ca\/vi\/wp-json\/wp\/v2\/pages"}],"about":[{"href":"https:\/\/csalc.ca\/vi\/wp-json\/wp\/v2\/types\/page"}],"author":[{"embeddable":true,"href":"https:\/\/csalc.ca\/vi\/wp-json\/wp\/v2\/users\/1"}],"replies":[{"embeddable":true,"href":"https:\/\/csalc.ca\/vi\/wp-json\/wp\/v2\/comments?post=6859"}],"version-history":[{"count":5,"href":"https:\/\/csalc.ca\/vi\/wp-json\/wp\/v2\/pages\/6859\/revisions"}],"predecessor-version":[{"id":7843,"href":"https:\/\/csalc.ca\/vi\/wp-json\/wp\/v2\/pages\/6859\/revisions\/7843"}],"wp:attachment":[{"href":"https:\/\/csalc.ca\/vi\/wp-json\/wp\/v2\/media?parent=6859"}],"curies":[{"name":"wp","href":"https:\/\/api.w.org\/{rel}","templated":true}]}}