{"id":6867,"date":"2017-07-05T07:35:21","date_gmt":"2017-07-05T07:35:21","guid":{"rendered":"http:\/\/csalc.ca\/?page_id=6867\/"},"modified":"2020-08-13T02:56:56","modified_gmt":"2020-08-13T02:56:56","slug":"publication","status":"publish","type":"page","link":"https:\/\/csalc.ca\/vi\/publication\/","title":{"rendered":"T\u00c0I LI\u1ec6U \u1ea4N B\u1ea2N"},"content":{"rendered":"<section class=\"wpb-content-wrapper\"><p>[vc_row][vc_column][g5plus_heading title_size=&#8221;35&#8243; sub_color=&#8221;accent-color&#8221; underline=&#8221;true&#8221; title=&#8221;C\u00e1c \u0110\u1ec1 T\u00e0i&#8221;][vc_column_text]<\/p>\n<ul class=\"nav\">\n<li><a href=\"http:\/\/csalc.ca\/vi\/employment\/\" target=\"_self\">Lao \u0110\u1ed9ng<\/a>\n<ul>\n<li><a href=\"http:\/\/csalc.ca\/vi\/employment-insurance-ei-benefits-summary\/\" target=\"_self\">Ti\u1ec1n B\u1ea3o Hi\u1ec3m Vi\u1ec7c L\u00e0m<\/a><\/li>\n<li><a href=\"https:\/\/csalc.ca\/vi\/worker-rights\/\" target=\"_self\">Quy\u1ec1n L\u1ee3i Nh\u00e2n C\u00f4ng<\/a><\/li>\n<\/ul>\n<\/li>\n<li><a href=\"http:\/\/csalc.ca\/vi\/immigration\/\" target=\"_self\">Di Tr\u00fa<\/a>\n<ul>\n<li><a href=\"http:\/\/csalc.ca\/vi\/family-class-sponsorship\/\" target=\"_self\">B\u1ea3o L\u00e3nh \u0110o\u00e0n T\u1ee5 Gia \u0110\u00ecnh<\/a><\/li>\n<li><a href=\"http:\/\/csalc.ca\/vi\/appealing-immigration-decisions\/\" target=\"_self\">Th\u1ee7 T\u1ee5c Khi\u1ebfu N\u1ea1i V\u1ec1 Di Tr\u00fa<\/a><\/li>\n<li><a href=\"https:\/\/csalc.ca\/vi\/retaining-permanent-resident-status\/\" target=\"_self\">Gi\u1eef T\u01b0 C\u00e1ch Th\u01b0\u1eddng Tr\u00fa<\/a><\/li>\n<\/ul>\n<\/li>\n<li><a href=\"http:\/\/mtcsalc.org\/vi\/publications\/quyn-lc-ca-cnh-st\/\" target=\"_self\">Quy\u1ec1n L\u1ef1c C\u1ee7a C\u1ea3nh S\u00e1t<\/a><\/li>\n<li><a href=\"http:\/\/csalc.ca\/vi\/social-assistance\/\" target=\"_self\">Tr\u1ee3 C\u1ea5p X\u00e3 H\u1ed9i<\/a>\n<ul>\n<li><a href=\"http:\/\/csalc.ca\/vi\/ontario-works\/\" target=\"_self\">Ch\u01b0\u01a1ng Tr\u00ecnh Tr\u1ee3 c\u1ea5p Lo\u1ea1i Th\u01b0\u1eddng -Ontario Works<\/a><\/li>\n<li><a href=\"http:\/\/csalc.ca\/vi\/chuong-trinh-tro-cap-tien-benh-ontario-disability-support-program\/\">Ch\u01b0\u01a1ng Tr\u00ecnh Tr\u1ee3 C\u1ea5p B\u1ec7nh T\u1eadt Ontario &#8211; Ontario Disability Support Program<\/a><\/li>\n<\/ul>\n<\/li>\n<li><a href=\"http:\/\/csalc.ca\/vi\/tenants-rights\/\" target=\"_self\">Quy\u1ec1n L\u1ee3i C\u1ee7a Ng\u01b0\u1eddi Thu\u00ea Nh\u00e0<\/a><\/li>\n<li><a href=\"http:\/\/csalc.ca\/vi\/consumer-rights-and-protection\/\" target=\"_self\">Quy\u1ec1n L\u1ee3i C\u1ee7a Ng\u01b0\u1eddi Ti\u00eau D\u00f9ng<\/a><\/li>\n<\/ul>\n<p>[\/vc_column_text][\/vc_column][\/vc_row]<\/p>\n<\/section>","protected":false},"excerpt":{"rendered":"<p>[vc_row][vc_column][g5plus_heading title_size=&#8221;35&#8243; sub_color=&#8221;accent-color&#8221; underline=&#8221;true&#8221; title=&#8221;C\u00e1c \u0110\u1ec1 T\u00e0i&#8221;][vc_column_text] Lao \u0110\u1ed9ng Ti\u1ec1n B\u1ea3o Hi\u1ec3m Vi\u1ec7c L\u00e0m Quy\u1ec1n L\u1ee3i Nh\u00e2n C\u00f4ng Di Tr\u00fa B\u1ea3o L\u00e3nh \u0110o\u00e0n T\u1ee5 Gia \u0110\u00ecnh Th\u1ee7 T\u1ee5c Khi\u1ebfu N\u1ea1i [&hellip;]<\/p>\n","protected":false},"author":1,"featured_media":0,"parent":0,"menu_order":0,"comment_status":"closed","ping_status":"closed","template":"","meta":{"give_campaign_id":0,"footnotes":""},"class_list":["post-6867","page","type-page","status-publish","hentry"],"yoast_head":"<!-- This site is optimized with the Yoast SEO plugin v26.8 - https:\/\/yoast.com\/product\/yoast-seo-wordpress\/ -->\n<title>T\u00c0I LI\u1ec6U \u1ea4N B\u1ea2N - CSALC<\/title>\n<meta name=\"robots\" content=\"index, follow, max-snippet:-1, max-image-preview:large, max-video-preview:-1\" \/>\n<link rel=\"canonical\" href=\"https:\/\/csalc.ca\/vi\/publication\/\" \/>\n<meta property=\"og:locale\" content=\"vi_VN\" \/>\n<meta property=\"og:type\" content=\"article\" \/>\n<meta property=\"og:title\" content=\"T\u00c0I LI\u1ec6U \u1ea4N B\u1ea2N - CSALC\" \/>\n<meta property=\"og:description\" content=\"[vc_row][vc_column][g5plus_heading title_size=&#8221;35&#8243; sub_color=&#8221;accent-color&#8221; underline=&#8221;true&#8221; title=&#8221;C\u00e1c \u0110\u1ec1 T\u00e0i&#8221;][vc_column_text] Lao \u0110\u1ed9ng Ti\u1ec1n B\u1ea3o Hi\u1ec3m Vi\u1ec7c L\u00e0m Quy\u1ec1n L\u1ee3i Nh\u00e2n C\u00f4ng Di Tr\u00fa B\u1ea3o L\u00e3nh \u0110o\u00e0n T\u1ee5 Gia \u0110\u00ecnh Th\u1ee7 T\u1ee5c Khi\u1ebfu N\u1ea1i [&hellip;]\" \/>\n<meta property=\"og:url\" content=\"https:\/\/csalc.ca\/vi\/publication\/\" \/>\n<meta property=\"og:site_name\" content=\"CSALC\" \/>\n<meta property=\"article:modified_time\" content=\"2020-08-13T02:56:56+00:00\" \/>\n<meta name=\"twitter:card\" content=\"summary_large_image\" \/>\n<meta name=\"twitter:label1\" content=\"Est. reading time\" \/>\n\t<meta name=\"twitter:data1\" content=\"1 minute\" \/>\n<script type=\"application\/ld+json\" class=\"yoast-schema-graph\">{\"@context\":\"https:\/\/schema.org\",\"@graph\":[{\"@type\":\"WebPage\",\"@id\":\"https:\/\/csalc.ca\/vi\/publication\/\",\"url\":\"https:\/\/csalc.ca\/vi\/publication\/\",\"name\":\"T\u00c0I LI\u1ec6U \u1ea4N B\u1ea2N - CSALC\",\"isPartOf\":{\"@id\":\"https:\/\/csalc.ca\/vi\/#website\"},\"datePublished\":\"2017-07-05T07:35:21+00:00\",\"dateModified\":\"2020-08-13T02:56:56+00:00\",\"breadcrumb\":{\"@id\":\"https:\/\/csalc.ca\/vi\/publication\/#breadcrumb\"},\"inLanguage\":\"vi-VN\",\"potentialAction\":[{\"@type\":\"ReadAction\",\"target\":[\"https:\/\/csalc.ca\/vi\/publication\/\"]}]},{\"@type\":\"BreadcrumbList\",\"@id\":\"https:\/\/csalc.ca\/vi\/publication\/#breadcrumb\",\"itemListElement\":[{\"@type\":\"ListItem\",\"position\":1,\"name\":\"Home\",\"item\":\"https:\/\/csalc.ca\/vi\/\"},{\"@type\":\"ListItem\",\"position\":2,\"name\":\"T\u00c0I LI\u1ec6U \u1ea4N B\u1ea2N\"}]},{\"@type\":\"WebSite\",\"@id\":\"https:\/\/csalc.ca\/vi\/#website\",\"url\":\"https:\/\/csalc.ca\/vi\/\",\"name\":\"CSALC\",\"description\":\"Chinese and Southeast Asian Legal Clinic\",\"potentialAction\":[{\"@type\":\"SearchAction\",\"target\":{\"@type\":\"EntryPoint\",\"urlTemplate\":\"https:\/\/csalc.ca\/vi\/?s={search_term_string}\"},\"query-input\":{\"@type\":\"PropertyValueSpecification\",\"valueRequired\":true,\"valueName\":\"search_term_string\"}}],\"inLanguage\":\"vi-VN\"}]}<\/script>\n<!-- \/ Yoast SEO plugin. -->","yoast_head_json":{"title":"T\u00c0I LI\u1ec6U \u1ea4N B\u1ea2N - CSALC","robots":{"index":"index","follow":"follow","max-snippet":"max-snippet:-1","max-image-preview":"max-image-preview:large","max-video-preview":"max-video-preview:-1"},"canonical":"https:\/\/csalc.ca\/vi\/publication\/","og_locale":"vi_VN","og_type":"article","og_title":"T\u00c0I LI\u1ec6U \u1ea4N B\u1ea2N - CSALC","og_description":"[vc_row][vc_column][g5plus_heading title_size=&#8221;35&#8243; sub_color=&#8221;accent-color&#8221; underline=&#8221;true&#8221; title=&#8221;C\u00e1c \u0110\u1ec1 T\u00e0i&#8221;][vc_column_text] Lao \u0110\u1ed9ng Ti\u1ec1n B\u1ea3o Hi\u1ec3m Vi\u1ec7c L\u00e0m Quy\u1ec1n L\u1ee3i Nh\u00e2n C\u00f4ng Di Tr\u00fa B\u1ea3o L\u00e3nh \u0110o\u00e0n T\u1ee5 Gia \u0110\u00ecnh Th\u1ee7 T\u1ee5c Khi\u1ebfu N\u1ea1i [&hellip;]","og_url":"https:\/\/csalc.ca\/vi\/publication\/","og_site_name":"CSALC","article_modified_time":"2020-08-13T02:56:56+00:00","twitter_card":"summary_large_image","twitter_misc":{"Est. reading time":"1 minute"},"schema":{"@context":"https:\/\/schema.org","@graph":[{"@type":"WebPage","@id":"https:\/\/csalc.ca\/vi\/publication\/","url":"https:\/\/csalc.ca\/vi\/publication\/","name":"T\u00c0I LI\u1ec6U \u1ea4N B\u1ea2N - CSALC","isPartOf":{"@id":"https:\/\/csalc.ca\/vi\/#website"},"datePublished":"2017-07-05T07:35:21+00:00","dateModified":"2020-08-13T02:56:56+00:00","breadcrumb":{"@id":"https:\/\/csalc.ca\/vi\/publication\/#breadcrumb"},"inLanguage":"vi-VN","potentialAction":[{"@type":"ReadAction","target":["https:\/\/csalc.ca\/vi\/publication\/"]}]},{"@type":"BreadcrumbList","@id":"https:\/\/csalc.ca\/vi\/publication\/#breadcrumb","itemListElement":[{"@type":"ListItem","position":1,"name":"Home","item":"https:\/\/csalc.ca\/vi\/"},{"@type":"ListItem","position":2,"name":"T\u00c0I LI\u1ec6U \u1ea4N B\u1ea2N"}]},{"@type":"WebSite","@id":"https:\/\/csalc.ca\/vi\/#website","url":"https:\/\/csalc.ca\/vi\/","name":"CSALC","description":"Chinese and Southeast Asian Legal Clinic","potentialAction":[{"@type":"SearchAction","target":{"@type":"EntryPoint","urlTemplate":"https:\/\/csalc.ca\/vi\/?s={search_term_string}"},"query-input":{"@type":"PropertyValueSpecification","valueRequired":true,"valueName":"search_term_string"}}],"inLanguage":"vi-VN"}]}},"campaignId":"","_links":{"self":[{"href":"https:\/\/csalc.ca\/vi\/wp-json\/wp\/v2\/pages\/6867","targetHints":{"allow":["GET"]}}],"collection":[{"href":"https:\/\/csalc.ca\/vi\/wp-json\/wp\/v2\/pages"}],"about":[{"href":"https:\/\/csalc.ca\/vi\/wp-json\/wp\/v2\/types\/page"}],"author":[{"embeddable":true,"href":"https:\/\/csalc.ca\/vi\/wp-json\/wp\/v2\/users\/1"}],"replies":[{"embeddable":true,"href":"https:\/\/csalc.ca\/vi\/wp-json\/wp\/v2\/comments?post=6867"}],"version-history":[{"count":13,"href":"https:\/\/csalc.ca\/vi\/wp-json\/wp\/v2\/pages\/6867\/revisions"}],"predecessor-version":[{"id":8909,"href":"https:\/\/csalc.ca\/vi\/wp-json\/wp\/v2\/pages\/6867\/revisions\/8909"}],"wp:attachment":[{"href":"https:\/\/csalc.ca\/vi\/wp-json\/wp\/v2\/media?parent=6867"}],"curies":[{"name":"wp","href":"https:\/\/api.w.org\/{rel}","templated":true}]}}