{"id":6874,"date":"2017-07-05T07:47:59","date_gmt":"2017-07-05T07:47:59","guid":{"rendered":"http:\/\/csalc.ca\/?page_id=6874\/"},"modified":"2017-12-06T22:18:24","modified_gmt":"2017-12-06T22:18:24","slug":"services","status":"publish","type":"page","link":"https:\/\/csalc.ca\/vi\/services\/","title":{"rendered":"D\u1ecaCH V\u1ee4"},"content":{"rendered":"<section class=\"wpb-content-wrapper\"><p>[vc_row][vc_column][vc_column_text]Ch\u00fang t\u00f4i cung c\u1ea5p d\u1ecbch v\u1ee5 t\u01b0 v\u1ea5n ph\u00e1p l\u00fd\u00a0 mi\u1ec5n ph\u00ed tr\u00ean \u0111i\u1ec7n tho\u1ea1i trong nh\u1eefng l\u0129nh v\u1ef1c nh\u01b0: xin di tr\u00fa, quy\u1ec1n l\u1ee3i c\u1ee7a ng\u01b0\u1eddi thu\u00ea nh\u00e0, lu\u1eadt lao \u0111\u1ed9ng, vi ph\u1ea1m nh\u00e2n quy\u1ec1n, khi\u1ebfu n\u1ea1i v\u1ec1 ph\u00fac l\u1ee3i c\u1ee7a ch\u00ednh ph\u1ee7 nh\u01b0 ti\u1ec1n th\u1ea5t nghi\u1ec7p, ti\u1ec1n h\u01b0u, ti\u1ec1n gi\u00e0, ti\u1ec1n tr\u1ee3 c\u1ea5p x\u00e3 h\u1ed9i (Ontario Works\u00a0 v\u00e0 Ontario Disability Support Program).<\/p>\n<p><img loading=\"lazy\" decoding=\"async\" class=\"size-full wp-image-6254 alignleft\" src=\"http:\/\/csalc.ca\/wp-content\/uploads\/2017\/05\/a37e179313d7e233d6a0d06f188dd1a1_f47.jpg\" alt=\"\" width=\"100\" height=\"125\" \/>Trong m\u1ed9t s\u1ed1 tr\u01b0\u1eddng h\u1ee3p, ch\u00fang t\u00f4i c\u0169ng c\u00f3 th\u1ec3 m\u1edf h\u1ed3 s\u01a1 v\u00e0 \u0111\u1ea1i di\u1ec7n cho qu\u00ed v\u1ecb. D\u00f9 v\u1eady, \u0111\u1ec3 \u0111\u01b0\u1ee3c ch\u00fang t\u00f4i \u0111\u1ea1i di\u1ec7n, qu\u00ed v\u1ecb ph\u1ea3i (1)\u00a0 \u0111\u00e1p \u1ee9ng c\u00e1c ti\u00eau chu\u1ea9n v\u1ec1 \u0111\u1ecba l\u00fd v\u00e0 t\u00e0i ch\u00ednh c\u1ee7a ch\u00fang t\u00f4i (2) kh\u00f4ng n\u00f3i \u0111\u01b0\u1ee3c ti\u1ebfng Anh n\u00ean c\u1ea7n ph\u1ee5c v\u1ee5 b\u1eb1ng ti\u1ebfng Hoa, Vi\u1ec7t, Khmer v\u00e0 L\u00e0o, v\u00e0 (3) c\u1ea7n gi\u00fap \u0111\u1ee1 v\u1ec1 nh\u1eefng v\u1ea5n \u0111\u1ec1 ph\u00e1p lu\u1eadt n\u1eb1m trong c\u00e1c l\u0129nh v\u1ef1c ph\u1ee5c v\u1ee5 ph\u00e1p l\u00fd c\u1ee7a ch\u00fang t\u00f4i.<\/p>\n<p>Th\u00eam v\u00e0o \u0111\u00f3, CSALC c\u00f2n t\u1ed5 ch\u1ee9c ho\u1ea1t \u0111\u1ed9ng gi\u00e1o d\u1ee5c ph\u00e1p l\u00fd trong c\u1ed9ng \u0111\u1ed3ng v\u00e0 h\u1ed7 tr\u1ee3 c\u00e1c nh\u00f3m trong c\u1ed9ng \u0111\u1ed3ng v\u1eadn \u0111\u1ed3ng c\u1ea3i c\u00e1ch lu\u1eadt ph\u00e1p.[\/vc_column_text][g5plus_space desktop=&#8221;20&#8243; tablet=&#8221;20&#8243; tablet_portrait=&#8221;20&#8243; mobile_landscape=&#8221;20&#8243; mobile=&#8221;20&#8243;][g5plus_heading title_size=&#8221;28&#8243; sub_color=&#8221;accent-color&#8221; underline=&#8221;true&#8221; title=&#8221;Ch\u01b0\u01a1ng Tr\u00ecnh Ph\u00e1p Tr\u1ee3 ONTARIO&#8221;][vc_column_text]Ch\u01b0\u01a1ng tr\u00ecnh Ph\u00e1p Tr\u1ee3 Ontario (Legal Aid Ontario) t\u00e0i tr\u1ee3 c\u00e1c c\u01a1 quan ph\u00e1p tr\u1ee3 c\u1ed9ng \u0111\u1ed3ng, c\u1ea5p ch\u1ee9ng th\u01b0 ph\u00e1p tr\u1ee3, ch\u01b0\u01a1ng tr\u00ecnh lu\u1eadt s\u01b0 tr\u1ef1c c\u00f4ng \u1edf t\u00f2a v\u00e0 c\u00e1c Trung T\u00e2m D\u1ecbch V\u1ee5 Gia \u0110\u00ecnh.[\/vc_column_text][g5plus_space desktop=&#8221;20&#8243; tablet=&#8221;20&#8243; tablet_portrait=&#8221;20&#8243; mobile_landscape=&#8221;20&#8243; mobile=&#8221;20&#8243;][g5plus_heading title_size=&#8221;28&#8243; sub_color=&#8221;accent-color&#8221; underline=&#8221;true&#8221; title=&#8221;C\u01a1 Quan Ph\u00e1p Tr\u1ee3 C\u1ed9ng \u0110\u1ed3ng&#8221;][vc_column_text]T\u1ec9nh Ontario c\u00f3 r\u1ea5t nhi\u1ec1u c\u01a1 quan ph\u00e1p l\u00fd n\u1eb1m r\u1ea3i r\u00e1c trong to\u00e0n t\u1ec9nh.\u00a0 M\u1ed9t s\u1ed1 c\u01a1 quan ph\u1ee5c v\u1ee5 theo khu v\u1ef1c, s\u1ed1 kh\u00e1c cung c\u1ea5p d\u1ecbch v\u1ee5 trong m\u1ed9t l\u0129nh v\u1ef1c ph\u00e1p l\u00fd ho\u1eb7c ng\u00f4n ng\u1eef \u0111\u1eb7c bi\u1ec7t cho m\u1ed9t nh\u00f3m c\u1ed9ng \u0111\u1ed3ng.\u00a0 T\u1ea5t c\u1ea3 d\u1ecbch v\u1ee5 c\u1ee7a c\u01a1 quan ph\u00e1p l\u00fd c\u1ed9ng \u0111\u1ed3ng \u0111\u1ec1u mi\u1ec5n ph\u00ed.\u00a0 Th\u01b0\u1eddng d\u1ecbch v\u1ee5 t\u01b0 v\u1ea5n ph\u00e1p l\u00fd \u0111\u01b0\u1ee3c cung c\u1ea5p tr\u00ean \u0111i\u1ec7n tho\u1ea1i, v\u00e0 \u0111\u01b0\u1ee3c nh\u1eadn ph\u1ee5c v\u1ee5 \u0111\u1ea1i di\u1ec7n ph\u00e1p l\u00fd\u00a0 mi\u1ec5n ph\u00ed n\u1ebfu v\u1ea5n \u0111\u1ec1 c\u1ee7a th\u00e2n ch\u1ee7 n\u1eb1m trong l\u0129nh v\u1ef1c ph\u1ee5c v\u1ee5 v\u00e0 c\u00f3 m\u1ee9c thu nh\u1eadp h\u1ee3p v\u1edbi \u0111i\u1ec1u ki\u1ec7n t\u00e0i ch\u00e1nh \u0111\u01b0\u1ee3c nh\u1eadn ph\u1ee5c v\u1ee5.[\/vc_column_text][g5plus_space desktop=&#8221;20&#8243; tablet=&#8221;20&#8243; tablet_portrait=&#8221;20&#8243; mobile_landscape=&#8221;20&#8243; mobile=&#8221;20&#8243;][g5plus_heading title_size=&#8221;28&#8243; sub_color=&#8221;accent-color&#8221; underline=&#8221;true&#8221; title=&#8221;Ch\u1ee9ng Th\u01b0 Ph\u00e1p Tr\u1ee3 (Legal Aid Certificates)&#8221;][vc_column_text]N\u1ebfu\u00a0 v\u1ea5n \u0111\u1ec1 c\u1ee7a qu\u00ed v\u1ecb kh\u00f4ng n\u1eb1m trong l\u0129nh v\u1ef1c ph\u1ee5c v\u1ee5 c\u1ee7a c\u01a1 quan ph\u00e1p tr\u1ee3 c\u1ed9ng \u0111\u1ed3ng, v\u00e0 qu\u00ed v\u1ecb kh\u00f4ng c\u00f3 ti\u1ec1n m\u01b0\u1edbn lu\u1eadt s\u01b0, qu\u00ed v\u1ecb c\u00f3 th\u1ec3 xin ch\u1ee9ng th\u01b0 ph\u00e1p tr\u1ee3 \u0111\u1ec3 m\u01b0\u1edbn lu\u1eadt s\u01b0 t\u01b0 \u0111\u1ea1i di\u1ec7n cho m\u00ecnh.\u00a0 Qu\u00ed v\u1ecb ph\u1ea3i g\u1ecdi \u0111i\u1ec7n tho\u1ea1i xin ch\u1ee9ng th\u01b0 \u1edf s\u1ed1 416-979-1446. \u00a0N\u1ebfu \u0111\u1ee7 \u0111i\u1ec1u ki\u1ec7n t\u00e0i ch\u00ednh, qu\u00ed v\u1ecb s\u1ebd \u0111\u01b0\u1ee3c c\u1ea5p ch\u1ee9ng th\u01b0. Xin l\u01b0u \u00fd, ch\u01b0\u01a1ng tr\u00ecnh ch\u1ee9ng th\u01b0 ph\u00e1p tr\u1ee3 kh\u00f4ng bao g\u1ed3m\u00a0t\u1ea5t c\u1ea3 l\u0129nh v\u1ef1c\u00a0ph\u00e1p l\u00fd.\u00a0 T\u00f9y theo m\u1ed9t s\u1ed1 l\u0129nh v\u1ef1c, m\u1eb7c d\u00f9 qu\u00ed v\u1ecb h\u1ed9i \u0111\u1ee7 \u0111i\u1ec1u ki\u1ec7n t\u00e0i ch\u00ednh \u0111\u1ec3 nh\u1eadn ph\u00e1p tr\u1ee3, nh\u01b0ng c\u0169ng ch\u01b0a ch\u1eafc qu\u00ed v\u1ecb \u0111\u01b0\u1ee3c c\u1ea5p ch\u1ee9ng th\u01b0.[\/vc_column_text][g5plus_space desktop=&#8221;20&#8243; tablet=&#8221;20&#8243; tablet_portrait=&#8221;20&#8243; mobile_landscape=&#8221;20&#8243; mobile=&#8221;20&#8243;][g5plus_heading title_size=&#8221;28&#8243; sub_color=&#8221;accent-color&#8221; underline=&#8221;true&#8221; title=&#8221;Lu\u1eadt S\u01b0 Tr\u1ef1c C\u00f4ng (Duty Counsel)&#8221;][vc_column_text]N\u1ebfu qu\u00ed v\u1ecb c\u00f3 v\u1ea5n \u0111\u1ec1 li\u00ean quan \u0111\u1ebfn h\u00ecnh s\u1ef1 v\u00e0 t\u1ed9i h\u00ecnh c\u00f3 th\u1ec3 b\u1ecb t\u00f9, qu\u00ed v\u1ecb c\u00f3 th\u1ec3 xin ph\u00e1p tr\u1ee3 \u0111\u1ec3 m\u01b0\u1edbn lu\u1eadt s\u01b0.\u00a0 Qu\u00ed v\u1ecb ph\u1ea3i th\u00f4ng qua lu\u1eadt s\u01b0 tr\u1ef1c c\u00f4ng \u1edf t\u00f2a \u0111\u1ec3 x\u00e9t ti\u00eau chu\u1ea9n t\u00e0i ch\u00ednh \u0111\u1ec3 \u0111\u01b0\u1ee3c c\u1ea5p ch\u1ee9ng th\u01b0 ph\u00e1p tr\u1ee3 d\u00f9ng \u0111\u1ec3 trang tr\u1ea3 lu\u1eadt s\u01b0 ph\u00ed cho qu\u00ed v\u1ecb trong v\u1ea5n \u0111\u1ec1 n\u00e0y.[\/vc_column_text][g5plus_space desktop=&#8221;20&#8243; tablet=&#8221;20&#8243; tablet_portrait=&#8221;20&#8243; mobile_landscape=&#8221;20&#8243; mobile=&#8221;20&#8243;][g5plus_heading title_size=&#8221;28&#8243; sub_color=&#8221;accent-color&#8221; underline=&#8221;true&#8221; title=&#8221;Trung T\u00e2m D\u1ecbch V\u1ee5 Gia \u0110\u00ecnh (Family Law Service Centre)&#8221;][vc_column_text]N\u1ebfu qu\u00ed v\u1ecb c\u00f3 v\u1ea5n \u0111\u1ec1li\u00ean quan \u0111\u1ebfn lu\u1eadt gia \u0111\u00ecnh, qu\u00ed v\u1ecb c\u00f3 th\u1ec3 li\u00ean l\u1ea1c c\u00e1c\u00a0 Trung t\u00e2m<br \/>\n<img loading=\"lazy\" decoding=\"async\" class=\"size-medium wp-image-6262 alignright\" src=\"http:\/\/csalc.ca\/wp-content\/uploads\/2017\/05\/0a31b0df5da2e2276e01afb5f8fa0e53_f48-300x200.jpg\" alt=\"\" width=\"300\" height=\"200\" \/><\/p>\n<p>D\u1ecbch v\u1ee5 Gia \u0111\u00ecnh \u0111\u1ec3 \u0111\u01b0\u1ee3c gi\u00fap \u0111\u1ee1.\u00a0 Hi\u1ec7n c\u00f3 4 Trung T\u00e2m cung c\u1ea5p d\u1ecbch v\u1ee5 n\u00e0y, khu North York \u1edf 45 Sheppard Street East, khu Trung t\u00e2m Toronto \u1edf 20 Dundas Street West, \u1edf Newmarket l\u00e0 17070 Yonge Street v\u00e0 \u1edf Brampton l\u00e0 205 County Court Boulevard.\u00a0 M\u1ed7i n\u01a1i, tr\u1eeb trung t\u00e2m Toronto \u0111\u1ec1u t\u1ecda l\u1ea1c k\u1ebf b\u00ean t\u00f2a gia \u0111\u00ecnh.<\/p>\n<p>M\u1ed7i trung t\u00e2m \u0111\u1ec1u c\u00f3 lu\u1eadt s\u01b0 v\u00e0 c\u00e1n s\u1ef1 ph\u00e1p l\u00fd \u0111\u1ec3 gi\u00fap nh\u1eefng th\u00e2n ch\u1ee7 c\u00f3 m\u1ee9c thu nh\u1eadp th\u1ea5p \u0111i\u1ec1n\u00a0\u0111\u01a1n t\u1eeb .\u00a0 Trong m\u1ed9t s\u1ed1 tr\u01b0\u1eddng h\u1ee3p ph\u1ee9c t\u1ea1p, Trung t\u00e2m n\u00e0y s\u1ebd nh\u1eadn h\u1ed3 s\u01a1 \u0111\u1ea1i di\u1ec7n n\u1ebfu qu\u00ed v\u1ecb c\u00f3 ch\u1ee9ng th\u01b0 ph\u00e1p tr\u1ee3.[\/vc_column_text][\/vc_column][\/vc_row]<\/p>\n<\/section>","protected":false},"excerpt":{"rendered":"<p>[vc_row][vc_column][vc_column_text]Ch\u00fang t\u00f4i cung c\u1ea5p d\u1ecbch v\u1ee5 t\u01b0 v\u1ea5n ph\u00e1p l\u00fd\u00a0 mi\u1ec5n ph\u00ed tr\u00ean \u0111i\u1ec7n tho\u1ea1i trong nh\u1eefng l\u0129nh v\u1ef1c nh\u01b0: xin di tr\u00fa, quy\u1ec1n l\u1ee3i c\u1ee7a ng\u01b0\u1eddi thu\u00ea nh\u00e0, lu\u1eadt [&hellip;]<\/p>\n","protected":false},"author":1,"featured_media":0,"parent":0,"menu_order":0,"comment_status":"closed","ping_status":"closed","template":"","meta":{"give_campaign_id":0,"footnotes":""},"class_list":["post-6874","page","type-page","status-publish","hentry"],"yoast_head":"<!-- This site is optimized with the Yoast SEO plugin v26.8 - https:\/\/yoast.com\/product\/yoast-seo-wordpress\/ -->\n<title>D\u1ecaCH V\u1ee4 - CSALC<\/title>\n<meta name=\"robots\" content=\"index, follow, max-snippet:-1, max-image-preview:large, max-video-preview:-1\" \/>\n<link rel=\"canonical\" href=\"https:\/\/csalc.ca\/vi\/services\/\" \/>\n<meta property=\"og:locale\" content=\"vi_VN\" \/>\n<meta property=\"og:type\" content=\"article\" \/>\n<meta property=\"og:title\" content=\"D\u1ecaCH V\u1ee4 - CSALC\" \/>\n<meta property=\"og:description\" content=\"[vc_row][vc_column][vc_column_text]Ch\u00fang t\u00f4i cung c\u1ea5p d\u1ecbch v\u1ee5 t\u01b0 v\u1ea5n ph\u00e1p l\u00fd\u00a0 mi\u1ec5n ph\u00ed tr\u00ean \u0111i\u1ec7n tho\u1ea1i trong nh\u1eefng l\u0129nh v\u1ef1c nh\u01b0: xin di tr\u00fa, quy\u1ec1n l\u1ee3i c\u1ee7a ng\u01b0\u1eddi thu\u00ea nh\u00e0, lu\u1eadt [&hellip;]\" \/>\n<meta property=\"og:url\" content=\"https:\/\/csalc.ca\/vi\/services\/\" \/>\n<meta property=\"og:site_name\" content=\"CSALC\" \/>\n<meta property=\"article:modified_time\" content=\"2017-12-06T22:18:24+00:00\" \/>\n<meta property=\"og:image\" content=\"http:\/\/csalc.ca\/wp-content\/uploads\/2017\/05\/a37e179313d7e233d6a0d06f188dd1a1_f47.jpg\" \/>\n<meta name=\"twitter:card\" content=\"summary_large_image\" \/>\n<meta name=\"twitter:label1\" content=\"Est. reading time\" \/>\n\t<meta name=\"twitter:data1\" content=\"6 minutes\" \/>\n<script type=\"application\/ld+json\" class=\"yoast-schema-graph\">{\"@context\":\"https:\/\/schema.org\",\"@graph\":[{\"@type\":\"WebPage\",\"@id\":\"https:\/\/csalc.ca\/vi\/services\/\",\"url\":\"https:\/\/csalc.ca\/vi\/services\/\",\"name\":\"D\u1ecaCH V\u1ee4 - CSALC\",\"isPartOf\":{\"@id\":\"https:\/\/csalc.ca\/vi\/#website\"},\"primaryImageOfPage\":{\"@id\":\"https:\/\/csalc.ca\/vi\/services\/#primaryimage\"},\"image\":{\"@id\":\"https:\/\/csalc.ca\/vi\/services\/#primaryimage\"},\"thumbnailUrl\":\"http:\/\/csalc.ca\/wp-content\/uploads\/2017\/05\/a37e179313d7e233d6a0d06f188dd1a1_f47.jpg\",\"datePublished\":\"2017-07-05T07:47:59+00:00\",\"dateModified\":\"2017-12-06T22:18:24+00:00\",\"breadcrumb\":{\"@id\":\"https:\/\/csalc.ca\/vi\/services\/#breadcrumb\"},\"inLanguage\":\"vi-VN\",\"potentialAction\":[{\"@type\":\"ReadAction\",\"target\":[\"https:\/\/csalc.ca\/vi\/services\/\"]}]},{\"@type\":\"ImageObject\",\"inLanguage\":\"vi-VN\",\"@id\":\"https:\/\/csalc.ca\/vi\/services\/#primaryimage\",\"url\":\"http:\/\/csalc.ca\/wp-content\/uploads\/2017\/05\/a37e179313d7e233d6a0d06f188dd1a1_f47.jpg\",\"contentUrl\":\"http:\/\/csalc.ca\/wp-content\/uploads\/2017\/05\/a37e179313d7e233d6a0d06f188dd1a1_f47.jpg\"},{\"@type\":\"BreadcrumbList\",\"@id\":\"https:\/\/csalc.ca\/vi\/services\/#breadcrumb\",\"itemListElement\":[{\"@type\":\"ListItem\",\"position\":1,\"name\":\"Home\",\"item\":\"https:\/\/csalc.ca\/vi\/\"},{\"@type\":\"ListItem\",\"position\":2,\"name\":\"D\u1ecaCH V\u1ee4\"}]},{\"@type\":\"WebSite\",\"@id\":\"https:\/\/csalc.ca\/vi\/#website\",\"url\":\"https:\/\/csalc.ca\/vi\/\",\"name\":\"CSALC\",\"description\":\"Chinese and Southeast Asian Legal Clinic\",\"potentialAction\":[{\"@type\":\"SearchAction\",\"target\":{\"@type\":\"EntryPoint\",\"urlTemplate\":\"https:\/\/csalc.ca\/vi\/?s={search_term_string}\"},\"query-input\":{\"@type\":\"PropertyValueSpecification\",\"valueRequired\":true,\"valueName\":\"search_term_string\"}}],\"inLanguage\":\"vi-VN\"}]}<\/script>\n<!-- \/ Yoast SEO plugin. -->","yoast_head_json":{"title":"D\u1ecaCH V\u1ee4 - CSALC","robots":{"index":"index","follow":"follow","max-snippet":"max-snippet:-1","max-image-preview":"max-image-preview:large","max-video-preview":"max-video-preview:-1"},"canonical":"https:\/\/csalc.ca\/vi\/services\/","og_locale":"vi_VN","og_type":"article","og_title":"D\u1ecaCH V\u1ee4 - CSALC","og_description":"[vc_row][vc_column][vc_column_text]Ch\u00fang t\u00f4i cung c\u1ea5p d\u1ecbch v\u1ee5 t\u01b0 v\u1ea5n ph\u00e1p l\u00fd\u00a0 mi\u1ec5n ph\u00ed tr\u00ean \u0111i\u1ec7n tho\u1ea1i trong nh\u1eefng l\u0129nh v\u1ef1c nh\u01b0: xin di tr\u00fa, quy\u1ec1n l\u1ee3i c\u1ee7a ng\u01b0\u1eddi thu\u00ea nh\u00e0, lu\u1eadt [&hellip;]","og_url":"https:\/\/csalc.ca\/vi\/services\/","og_site_name":"CSALC","article_modified_time":"2017-12-06T22:18:24+00:00","og_image":[{"url":"http:\/\/csalc.ca\/wp-content\/uploads\/2017\/05\/a37e179313d7e233d6a0d06f188dd1a1_f47.jpg","type":"","width":"","height":""}],"twitter_card":"summary_large_image","twitter_misc":{"Est. reading time":"6 minutes"},"schema":{"@context":"https:\/\/schema.org","@graph":[{"@type":"WebPage","@id":"https:\/\/csalc.ca\/vi\/services\/","url":"https:\/\/csalc.ca\/vi\/services\/","name":"D\u1ecaCH V\u1ee4 - CSALC","isPartOf":{"@id":"https:\/\/csalc.ca\/vi\/#website"},"primaryImageOfPage":{"@id":"https:\/\/csalc.ca\/vi\/services\/#primaryimage"},"image":{"@id":"https:\/\/csalc.ca\/vi\/services\/#primaryimage"},"thumbnailUrl":"http:\/\/csalc.ca\/wp-content\/uploads\/2017\/05\/a37e179313d7e233d6a0d06f188dd1a1_f47.jpg","datePublished":"2017-07-05T07:47:59+00:00","dateModified":"2017-12-06T22:18:24+00:00","breadcrumb":{"@id":"https:\/\/csalc.ca\/vi\/services\/#breadcrumb"},"inLanguage":"vi-VN","potentialAction":[{"@type":"ReadAction","target":["https:\/\/csalc.ca\/vi\/services\/"]}]},{"@type":"ImageObject","inLanguage":"vi-VN","@id":"https:\/\/csalc.ca\/vi\/services\/#primaryimage","url":"http:\/\/csalc.ca\/wp-content\/uploads\/2017\/05\/a37e179313d7e233d6a0d06f188dd1a1_f47.jpg","contentUrl":"http:\/\/csalc.ca\/wp-content\/uploads\/2017\/05\/a37e179313d7e233d6a0d06f188dd1a1_f47.jpg"},{"@type":"BreadcrumbList","@id":"https:\/\/csalc.ca\/vi\/services\/#breadcrumb","itemListElement":[{"@type":"ListItem","position":1,"name":"Home","item":"https:\/\/csalc.ca\/vi\/"},{"@type":"ListItem","position":2,"name":"D\u1ecaCH V\u1ee4"}]},{"@type":"WebSite","@id":"https:\/\/csalc.ca\/vi\/#website","url":"https:\/\/csalc.ca\/vi\/","name":"CSALC","description":"Chinese and Southeast Asian Legal Clinic","potentialAction":[{"@type":"SearchAction","target":{"@type":"EntryPoint","urlTemplate":"https:\/\/csalc.ca\/vi\/?s={search_term_string}"},"query-input":{"@type":"PropertyValueSpecification","valueRequired":true,"valueName":"search_term_string"}}],"inLanguage":"vi-VN"}]}},"campaignId":"","_links":{"self":[{"href":"https:\/\/csalc.ca\/vi\/wp-json\/wp\/v2\/pages\/6874","targetHints":{"allow":["GET"]}}],"collection":[{"href":"https:\/\/csalc.ca\/vi\/wp-json\/wp\/v2\/pages"}],"about":[{"href":"https:\/\/csalc.ca\/vi\/wp-json\/wp\/v2\/types\/page"}],"author":[{"embeddable":true,"href":"https:\/\/csalc.ca\/vi\/wp-json\/wp\/v2\/users\/1"}],"replies":[{"embeddable":true,"href":"https:\/\/csalc.ca\/vi\/wp-json\/wp\/v2\/comments?post=6874"}],"version-history":[{"count":12,"href":"https:\/\/csalc.ca\/vi\/wp-json\/wp\/v2\/pages\/6874\/revisions"}],"predecessor-version":[{"id":7867,"href":"https:\/\/csalc.ca\/vi\/wp-json\/wp\/v2\/pages\/6874\/revisions\/7867"}],"wp:attachment":[{"href":"https:\/\/csalc.ca\/vi\/wp-json\/wp\/v2\/media?parent=6874"}],"curies":[{"name":"wp","href":"https:\/\/api.w.org\/{rel}","templated":true}]}}