{"id":6877,"date":"2017-07-05T07:50:25","date_gmt":"2017-07-05T07:50:25","guid":{"rendered":"http:\/\/csalc.ca\/?page_id=6877\/"},"modified":"2017-12-14T21:07:30","modified_gmt":"2017-12-14T21:07:30","slug":"useful-links","status":"publish","type":"page","link":"https:\/\/csalc.ca\/vi\/useful-links\/","title":{"rendered":"LI\u00caN K\u1ebeT"},"content":{"rendered":"<section class=\"wpb-content-wrapper\"><p>[vc_row][vc_column][g5plus_heading title_size=&#8221;25&#8243; sub_color=&#8221;accent-color&#8221; underline=&#8221;&#8221; title=&#8221;M\u1ea1ng ch\u1ec9 h\u1eefu d\u1ee5ng&#8221;][vc_column_text]Nh\u1eefng m\u1ea1ng ch\u1ec9 cung c\u1ea5p \u0111\u1ec3 giao l\u01b0u. Ch\u00fang t\u00f4i kh\u00f4ng ch\u1ecbu tr\u00e1ch nhi\u1ec7m v\u1ec1 n\u1ed9i dung c\u1ee7a c\u00e1c trang web n\u00e0y v\u00e0 c\u0169ng kh\u00f4ng b\u1ea3o ch\u1ee9ng c\u00e1c s\u1ea3n ph\u1ea9m ho\u1eb7c d\u1ecbch v\u1ee5 c\u1ee7a h\u1ecd.<\/p>\n<p><strong>Ch\u01b0\u01a1ng Tr\u00ecnh ph\u00e1p tr\u1ee3 Ontario\u00a0 (<\/strong>LAO):\u00a0<a href=\"http:\/\/www.legalaid.on.ca\/en\/\" target=\"_blank\" rel=\"noopener\">http:\/\/www.legalaid.on.ca\/en\/<\/a><\/p>\n<p><strong>C\u1ed9ng \u0111\u1ed3ng Gi\u00e1o d\u1ee5c Ph\u00e1p l\u00fd Ontario<\/strong>\u00a0(CLEO):\u00a0<a href=\"http:\/\/www.cleo.on.ca\/en\" target=\"_blank\" rel=\"noopener\">http:\/\/www.cleo.on.ca\/en<\/a><\/p>\n<p><strong>B\u1ed9 Lao \u0111\u1ed9ng Ontario<\/strong>:\u00a0<a href=\"http:\/\/www.labour.gov.on.ca\/english\/\" target=\"_blank\" rel=\"noopener\">http:\/\/www.labour.gov.on.ca\/english\/<\/a><\/p>\n<p><strong>D\u1ecbch v\u1ee5 Ontario<\/strong>:\u00a0<a href=\"http:\/\/www.serviceontario.ca\/\" target=\"_blank\" rel=\"noopener\">http:\/\/www.serviceontario.ca\/<\/a><\/p>\n<p><strong>B\u1ed9 Nh\u00e2n s\u1ef1 v\u00e0 Ph\u00e1t tri\u1ec3n K\u1ef9 n\u0103ng Canada (HRSDC):<\/strong>\u00a0<a href=\"http:\/\/www.hrsdc.gc.ca\/eng\/home.shtml\" target=\"_blank\" rel=\"noopener\">http:\/\/www.hrsdc.gc.ca\/eng\/home.shtml<\/a><\/p>\n<p><strong>B\u1ed9 Qu\u1ed1c t\u1ecbch v\u00e0 Nh\u1eadp c\u01b0 Canada<\/strong>\u00a0(CIC):\u00a0<a href=\"http:\/\/www.cic.gc.ca\/english\/\" target=\"_blank\" rel=\"noopener\">http:\/\/www.cic.gc.ca\/english\/<\/a><\/p>\n<p><strong>B\u1ed9 Di Tr\u00fa v\u00e0 H\u1ed9i \u0111\u1ed3ng ng\u01b0\u1eddi t\u1ecb n\u1ea1n c\u1ee7a Canada<\/strong>\u00a0(IRB):<br \/>\n<a href=\"http:\/\/www.irb-cisr.gc.ca\/eng\/pages\/index.aspx\" target=\"_blank\" rel=\"noopener\">http:\/\/www.irb-cisr.gc.ca\/eng\/pages\/index.aspx<\/a><\/p>\n<p><strong>B\u1ed9 Ph\u00e2n X\u1eed gi\u1eeda ch\u1ee7 nh\u00e0 v\u00e0 ng\u01b0\u1eddi thu\u00ea nh\u00e0 (LT<\/strong>B):<br \/>\n<a href=\"http:\/\/www.ltb.gov.on.ca\/en\/index.htm\" target=\"_blank\" rel=\"noopener\">http:\/\/www.ltb.gov.on.ca\/en\/index.htm<\/a><\/p>\n<p><strong>Li\u00ean H\u1ed9i c\u00e1c H\u1ed9i \u0110o\u00e0n Ph\u1ee5c V\u1ee5 Ng\u01b0\u1eddi Hoa V\u00f9ng Toronto v\u00e0 l\u00e2n c\u1eadn<\/strong><br \/>\nChinese Interagency Greater Toronto:\u00a0<a href=\"http:\/\/www.cingt.ca\/\" target=\"_blank\" rel=\"noopener\">http:\/\/www.cingt.ca\/<\/a><\/p>\n<p><strong>H\u1ed9i B\u00ecnh Quy\u1ec1n ng\u01b0\u1eddi Hoa Toronto (CNCC):<\/strong>\u00a0h<a href=\"ttp:\/\/www.ccnctoronto.ca\/?q=en\" target=\"_blank\" rel=\"noopener\">ttp:\/\/www.ccnctoronto.ca\/?q=en<\/a><\/p>\n<p><strong>Road to Justice (Con \u0111\u01b0\u1eddng \u0111\u1ebfn T\u01b0 Ph\u00e1p)<\/strong>:\u00a0<a href=\"http:\/\/www.roadtojustice.ca\/\" target=\"_blank\" rel=\"noopener\">http:\/\/www.roadtojustice.ca\/<\/a><\/p>\n<p><strong>H\u1ed9i Ng\u01b0\u1eddi Vi\u1ec7t Toronto (<\/strong>Vietnamese Association Toronto):<a href=\"http:\/\/www.vatoronto.ca\/\" target=\"_blank\" rel=\"noopener\">\u00a0http:\/\/www.vatoronto.ca<\/a><\/p>\n<p><strong>D\u1ecbch v\u1ee5 gi\u1edbi thi\u1ec7u\u00a0\u0111\u1ea1i d\u00ec\u1ec7n ph\u00e1p l\u00fd c\u1ee7a Hi\u1ec7p H\u1ed9i Lu\u1eadt Canada:<\/strong>\u00a0<a href=\"http:\/\/www.lsuc.on.ca\/faq.aspx?id=2147486372\" target=\"_blank\" rel=\"noopener\">\u00a0http:\/\/www.lsuc.on.ca<\/a><br \/>\nTh\u00e2n ch\u1ee7 \u1edf Toronto c\u00f3 th\u1ec3 g\u1ecdi\u00a0 416-947-3330 ho\u1eb7c s\u1ed1 \u0111i\u1ec7n tho\u1ea1i mi\u1ec5n ph\u00ed -800-268-8326 v\u00f9ng b\u00ean ngo\u00e0i \u0111\u1ec3\u00a0\u0111\u01b0\u1ee3c chuy\u1ec3n ti\u1ebfp\u00a0\u0111\u1ebfn d\u1ecbch v\u1ee5 30 ph\u00fat t\u01b0 v\u1ea5n ph\u00e1p l\u00fd mi\u1ec3n ph\u00ed v\u1edbi lu\u1eadt s\u01b0.[\/vc_column_text][\/vc_column][\/vc_row]<\/p>\n<\/section>","protected":false},"excerpt":{"rendered":"<p>[vc_row][vc_column][g5plus_heading title_size=&#8221;25&#8243; sub_color=&#8221;accent-color&#8221; underline=&#8221;&#8221; title=&#8221;M\u1ea1ng ch\u1ec9 h\u1eefu d\u1ee5ng&#8221;][vc_column_text]Nh\u1eefng m\u1ea1ng ch\u1ec9 cung c\u1ea5p \u0111\u1ec3 giao l\u01b0u. Ch\u00fang t\u00f4i kh\u00f4ng ch\u1ecbu tr\u00e1ch nhi\u1ec7m v\u1ec1 n\u1ed9i dung c\u1ee7a c\u00e1c trang web n\u00e0y v\u00e0 [&hellip;]<\/p>\n","protected":false},"author":1,"featured_media":0,"parent":0,"menu_order":0,"comment_status":"closed","ping_status":"closed","template":"","meta":{"give_campaign_id":0,"footnotes":""},"class_list":["post-6877","page","type-page","status-publish","hentry"],"yoast_head":"<!-- This site is optimized with the Yoast SEO plugin v26.8 - https:\/\/yoast.com\/product\/yoast-seo-wordpress\/ -->\n<title>LI\u00caN K\u1ebeT - CSALC<\/title>\n<meta name=\"robots\" content=\"index, follow, max-snippet:-1, max-image-preview:large, max-video-preview:-1\" \/>\n<link rel=\"canonical\" href=\"https:\/\/csalc.ca\/vi\/useful-links\/\" \/>\n<meta property=\"og:locale\" content=\"vi_VN\" \/>\n<meta property=\"og:type\" content=\"article\" \/>\n<meta property=\"og:title\" content=\"LI\u00caN K\u1ebeT - CSALC\" \/>\n<meta property=\"og:description\" content=\"[vc_row][vc_column][g5plus_heading title_size=&#8221;25&#8243; sub_color=&#8221;accent-color&#8221; underline=&#8221;&#8221; title=&#8221;M\u1ea1ng ch\u1ec9 h\u1eefu d\u1ee5ng&#8221;][vc_column_text]Nh\u1eefng m\u1ea1ng ch\u1ec9 cung c\u1ea5p \u0111\u1ec3 giao l\u01b0u. Ch\u00fang t\u00f4i kh\u00f4ng ch\u1ecbu tr\u00e1ch nhi\u1ec7m v\u1ec1 n\u1ed9i dung c\u1ee7a c\u00e1c trang web n\u00e0y v\u00e0 [&hellip;]\" \/>\n<meta property=\"og:url\" content=\"https:\/\/csalc.ca\/vi\/useful-links\/\" \/>\n<meta property=\"og:site_name\" content=\"CSALC\" \/>\n<meta property=\"article:modified_time\" content=\"2017-12-14T21:07:30+00:00\" \/>\n<meta name=\"twitter:card\" content=\"summary_large_image\" \/>\n<meta name=\"twitter:label1\" content=\"Est. reading time\" \/>\n\t<meta name=\"twitter:data1\" content=\"2 minutes\" \/>\n<script type=\"application\/ld+json\" class=\"yoast-schema-graph\">{\"@context\":\"https:\/\/schema.org\",\"@graph\":[{\"@type\":\"WebPage\",\"@id\":\"https:\/\/csalc.ca\/vi\/useful-links\/\",\"url\":\"https:\/\/csalc.ca\/vi\/useful-links\/\",\"name\":\"LI\u00caN K\u1ebeT - CSALC\",\"isPartOf\":{\"@id\":\"https:\/\/csalc.ca\/vi\/#website\"},\"datePublished\":\"2017-07-05T07:50:25+00:00\",\"dateModified\":\"2017-12-14T21:07:30+00:00\",\"breadcrumb\":{\"@id\":\"https:\/\/csalc.ca\/vi\/useful-links\/#breadcrumb\"},\"inLanguage\":\"vi-VN\",\"potentialAction\":[{\"@type\":\"ReadAction\",\"target\":[\"https:\/\/csalc.ca\/vi\/useful-links\/\"]}]},{\"@type\":\"BreadcrumbList\",\"@id\":\"https:\/\/csalc.ca\/vi\/useful-links\/#breadcrumb\",\"itemListElement\":[{\"@type\":\"ListItem\",\"position\":1,\"name\":\"Home\",\"item\":\"https:\/\/csalc.ca\/vi\/\"},{\"@type\":\"ListItem\",\"position\":2,\"name\":\"LI\u00caN K\u1ebeT\"}]},{\"@type\":\"WebSite\",\"@id\":\"https:\/\/csalc.ca\/vi\/#website\",\"url\":\"https:\/\/csalc.ca\/vi\/\",\"name\":\"CSALC\",\"description\":\"Chinese and Southeast Asian Legal Clinic\",\"potentialAction\":[{\"@type\":\"SearchAction\",\"target\":{\"@type\":\"EntryPoint\",\"urlTemplate\":\"https:\/\/csalc.ca\/vi\/?s={search_term_string}\"},\"query-input\":{\"@type\":\"PropertyValueSpecification\",\"valueRequired\":true,\"valueName\":\"search_term_string\"}}],\"inLanguage\":\"vi-VN\"}]}<\/script>\n<!-- \/ Yoast SEO plugin. -->","yoast_head_json":{"title":"LI\u00caN K\u1ebeT - CSALC","robots":{"index":"index","follow":"follow","max-snippet":"max-snippet:-1","max-image-preview":"max-image-preview:large","max-video-preview":"max-video-preview:-1"},"canonical":"https:\/\/csalc.ca\/vi\/useful-links\/","og_locale":"vi_VN","og_type":"article","og_title":"LI\u00caN K\u1ebeT - CSALC","og_description":"[vc_row][vc_column][g5plus_heading title_size=&#8221;25&#8243; sub_color=&#8221;accent-color&#8221; underline=&#8221;&#8221; title=&#8221;M\u1ea1ng ch\u1ec9 h\u1eefu d\u1ee5ng&#8221;][vc_column_text]Nh\u1eefng m\u1ea1ng ch\u1ec9 cung c\u1ea5p \u0111\u1ec3 giao l\u01b0u. Ch\u00fang t\u00f4i kh\u00f4ng ch\u1ecbu tr\u00e1ch nhi\u1ec7m v\u1ec1 n\u1ed9i dung c\u1ee7a c\u00e1c trang web n\u00e0y v\u00e0 [&hellip;]","og_url":"https:\/\/csalc.ca\/vi\/useful-links\/","og_site_name":"CSALC","article_modified_time":"2017-12-14T21:07:30+00:00","twitter_card":"summary_large_image","twitter_misc":{"Est. reading time":"2 minutes"},"schema":{"@context":"https:\/\/schema.org","@graph":[{"@type":"WebPage","@id":"https:\/\/csalc.ca\/vi\/useful-links\/","url":"https:\/\/csalc.ca\/vi\/useful-links\/","name":"LI\u00caN K\u1ebeT - CSALC","isPartOf":{"@id":"https:\/\/csalc.ca\/vi\/#website"},"datePublished":"2017-07-05T07:50:25+00:00","dateModified":"2017-12-14T21:07:30+00:00","breadcrumb":{"@id":"https:\/\/csalc.ca\/vi\/useful-links\/#breadcrumb"},"inLanguage":"vi-VN","potentialAction":[{"@type":"ReadAction","target":["https:\/\/csalc.ca\/vi\/useful-links\/"]}]},{"@type":"BreadcrumbList","@id":"https:\/\/csalc.ca\/vi\/useful-links\/#breadcrumb","itemListElement":[{"@type":"ListItem","position":1,"name":"Home","item":"https:\/\/csalc.ca\/vi\/"},{"@type":"ListItem","position":2,"name":"LI\u00caN K\u1ebeT"}]},{"@type":"WebSite","@id":"https:\/\/csalc.ca\/vi\/#website","url":"https:\/\/csalc.ca\/vi\/","name":"CSALC","description":"Chinese and Southeast Asian Legal Clinic","potentialAction":[{"@type":"SearchAction","target":{"@type":"EntryPoint","urlTemplate":"https:\/\/csalc.ca\/vi\/?s={search_term_string}"},"query-input":{"@type":"PropertyValueSpecification","valueRequired":true,"valueName":"search_term_string"}}],"inLanguage":"vi-VN"}]}},"campaignId":"","_links":{"self":[{"href":"https:\/\/csalc.ca\/vi\/wp-json\/wp\/v2\/pages\/6877","targetHints":{"allow":["GET"]}}],"collection":[{"href":"https:\/\/csalc.ca\/vi\/wp-json\/wp\/v2\/pages"}],"about":[{"href":"https:\/\/csalc.ca\/vi\/wp-json\/wp\/v2\/types\/page"}],"author":[{"embeddable":true,"href":"https:\/\/csalc.ca\/vi\/wp-json\/wp\/v2\/users\/1"}],"replies":[{"embeddable":true,"href":"https:\/\/csalc.ca\/vi\/wp-json\/wp\/v2\/comments?post=6877"}],"version-history":[{"count":3,"href":"https:\/\/csalc.ca\/vi\/wp-json\/wp\/v2\/pages\/6877\/revisions"}],"predecessor-version":[{"id":7952,"href":"https:\/\/csalc.ca\/vi\/wp-json\/wp\/v2\/pages\/6877\/revisions\/7952"}],"wp:attachment":[{"href":"https:\/\/csalc.ca\/vi\/wp-json\/wp\/v2\/media?parent=6877"}],"curies":[{"name":"wp","href":"https:\/\/api.w.org\/{rel}","templated":true}]}}