{"id":6892,"date":"2017-07-05T08:55:11","date_gmt":"2017-07-05T08:55:11","guid":{"rendered":"http:\/\/csalc.ca\/?page_id=6892\/"},"modified":"2023-09-13T19:03:04","modified_gmt":"2023-09-13T23:03:04","slug":"contact","status":"publish","type":"page","link":"https:\/\/csalc.ca\/vi\/contact\/","title":{"rendered":"LI\u00caN L\u1ea0C"},"content":{"rendered":"<section class=\"wpb-content-wrapper\"><p>[vc_row][vc_column][vc_widget_sidebar sidebar_id=&#8221;fontresizer&#8221;][\/vc_column][\/vc_row][vc_row equal_height=&#8221;yes&#8221; content_placement=&#8221;middle&#8221;][vc_column width=&#8221;1\/2&#8243; el_class=&#8221;startup-contact-info&#8221;][g5plus_heading sub_color=&#8221;accent-color&#8221; underline=&#8221;true&#8221; title=&#8221;LI\u00caN L\u1ea0C&#8221; css=&#8221;.vc_custom_1499244662755{margin-bottom: 25px !important;}&#8221;][vc_raw_html]JTNDZGl2JTIwY2xhc3MlM0QlMjJjb250YWN0LWluZm8lMjIlM0UlMjAlMEElM0NkaXYlMjBjbGFzcyUzRCUyMiVDNCU5MCVFMSVCQiU4QmElMjBDaCVFMSVCQiU4OSUyMiUzRSUwQSUzQ2g2JTNFJUM0JTkwJUUxJUJCJThBQSUyMENIJUUxJUJCJTg4JTNDJTJGaDYlM0UlMEElM0NwJTNFJTNDaSUyMGNsYXNzJTNEJTIyZmElMjBmYS1tYXAlMjIlM0UlM0MlMkZpJTNFJTI2bmJzcDEyMyUyMEVkd2FyZCUyMFN0cmVldCUyQyUyMFN1aXRlJTJDJTIwNTA1JTJDJTIwJTIwVG9yb250byUyQyUyME9udGFyaW8lMjBNNUclMjAxRTIlM0NiciUzRSUwQSUyOER1bmRhcyUyMGFuZCUyMFVuaXZlcnNpdHklMjkuJTNDJTJGcCUzRSUwQSUzQyUyRmRpdiUzRSUwQSUwQSUzQ2g2JTNFRS1NQUlMJTNDJTJGaDYlM0UlMEElM0NwJTNFJTNDaSUyMGNsYXNzJTNEJTIyZmElMjBmYS1lbnZlbG9wZSUyMiUzRSUzQyUyRmklM0Vjc2FsZWdhbGNsaW5pYyU0MGdtYWlsLmNvbSUzQyUyRnAlM0UlMEElMEElM0NoNiUzRSVDNCU5MEklRTElQkIlODZOJTIwVEhPJUUxJUJBJUEwSSUzQyUyRmg2JTNFJTBBJTNDcCUzRSUzQ2klMjBjbGFzcyUzRCUyMmZhJTIwZmEtcGhvbmUlMjIlM0UlM0MlMkZpJTNFJTI2bmJzcDQxNi05NzEtOTY3NCUzQyUyRnAlM0UlMEElMEElMEElM0NoNiUzRVRPTEwlMjBNSSVFMSVCQiU4NE4lMjBQSCVDMyU4RCUzQyUyRmg2JTNFJTBBJTNDcCUzRSUzQ2klMjBjbGFzcyUzRCUyMmZhJTIwZmEtcGhvbmUlMjIlM0UlM0MlMkZpJTNFJTI2bmJzcDEtODQ0LTk3MS05Njc0JTNDJTJGcCUzRSUwQSUwQSUzQ2g2JTNFRkFYJTNDJTJGaDYlM0UlMEElM0NwJTNFJTNDaSUyMGNsYXNzJTNEJTIyZmElMjBmYS1mYXglMjIlM0UlM0MlMkZpJTNFJTI2bmJzcDQxNi05NzEtNjc4MCUzQyUyRnAlM0UlMEElM0NoNiUzRU0lRTElQkElQTBORyUyMEwlQzYlQUYlRTElQkIlOUFJJTIwWCVDMyU4MyUyMEglRTElQkIlOThJJTNDJTJGaDYlM0UlMEElMEElM0MlMkZkaXYlM0U=[\/vc_raw_html][vc_column_text]<ul id=\"\" class=\"cnss-social-icon \" style=\"text-align:left; text-align:-webkit-left; align-self:start; margin: 0 auto;\">\t\t<li class=\"cn-fa-facebook cn-fa-icon \" style=\"display:inline-block;\"><a class=\"cnss-facebook\" target=\"_blank\" href=\"https:\/\/www.facebook.com\/mcsalegal\/\" title=\"Facebook\" style=\"width:37px;height:37px;padding:6px 0;margin:1px;color: #ffffff;border-radius: 50%;\"><i title=\"Facebook\" style=\"font-size:25px;\" class=\"fa fa-facebook\"><\/i><\/a><\/li>\t\t<li class=\"cn-fa-twitter cn-fa-icon \" style=\"display:inline-block;\"><a class=\"cnss-twitter\" target=\"_blank\" href=\"https:\/\/twitter.com\/csalegalclinic\" title=\"Twitter\" style=\"width:37px;height:37px;padding:6px 0;margin:1px;color: #ffffff;border-radius: 50%;\"><i title=\"Twitter\" style=\"font-size:25px;\" class=\"fa fa-twitter\"><\/i><\/a><\/li><\/ul>\r\n\t\r\n\t[\/vc_column_text][\/vc_column][vc_column width=&#8221;1\/2&#8243;][g5plus_space desktop=&#8221;65&#8243; tablet=&#8221;30&#8243; tablet_portrait=&#8221;30&#8243; mobile_landscape=&#8221;20&#8243; mobile=&#8221;20&#8243;][g5plus_heading title_size=&#8221;30&#8243; sub_color=&#8221;accent-color&#8221; underline=&#8221;true&#8221; title=&#8221;Gi\u1edd L\u00e0m Vi\u1ec7c&#8221; css=&#8221;.vc_custom_1510174192190{margin-bottom: 25px !important;}&#8221;][vc_raw_html]JTNDZGl2JTIwY2xhc3MlM0QlMjJjb250YWN0LWluZm8lMjIlM0UlMjAlMEElM0NwJTNFJTNDaSUyMGNsYXNzJTNEJTIyZmElMjBmYS1jbG9jay1vJTIyJTNFJTNDJTJGaSUzRSUyNm5ic3BUaCVFMSVCQiVBOSUyMEhhaSUyQyUyMFRoJUUxJUJCJUE5JTIwTiVDNCU4M20lMjB2JUMzJUEwJTIwVGglRTElQkIlQTklMjBTJUMzJUExdSUzQSUyMDklMjBnaSVFMSVCQiU5RCUyMHMlQzMlQTFuZyUyMCVDNCU5MSVFMSVCQSVCRm4lMjA1JTIwZ2klRTElQkIlOUQlMjBjaGklRTElQkIlODF1JTNDJTJGcCUzRSUwQSUzQ3AlM0UlM0NpJTIwY2xhc3MlM0QlMjJmYSUyMGZhLWNsb2NrLW8lMjIlM0UlM0MlMkZpJTNFJTI2bmJzcFRoJUUxJUJCJUE5JTIwQmElM0ElMjAxMiUyMGdpJUUxJUJCJTlEJTIwdHIlQzYlQjBhJTIwJUM0JTkxJUUxJUJBJUJGbiUyMDclMjBnaSVFMSVCQiU5RCUyMHQlRTElQkIlOTFpJTNDJTJGcCUzRSUwQSUzQ3AlM0UlM0NpJTIwY2xhc3MlM0QlMjJmYSUyMGZhLWNsb2NrLW8lMjIlM0UlM0MlMkZpJTNFJTI2bmJzcENoaSVFMSVCQiU4MXUlMjBUaCVFMSVCQiVBOSUyMFQlQzYlQjAlM0ElMjAxJTIwJUM0JTkxJUUxJUJBJUJGbiUyMDUlMjBnaSVFMSVCQiU5RCUyMGNoaSVFMSVCQiU4MXUlM0MlMkZwJTNFJTBBJTNDcCUzRSUzQ2klMjBjbGFzcyUzRCUyMmZhJTIwZmEtY2xvY2stbyUyMiUzRSUzQyUyRmklM0UlMjZuYnNwJTI4VGglRTElQkIlQTklMjBCJUUxJUJBJUEzeSUyMHYlQzMlQTAlMjBDaCVFMSVCQiVBNyUyME5oJUUxJUJBJUFEdCUyMCVDNCU5MSVDMyVCM25nJTIwYyVFMSVCQiVBRGElMjklM0MlMkZwJTNFJTBBJTNDJTJGZGl2JTNFJTBBJTBBJTBBJTBB[\/vc_raw_html][vc_column_text]N\u1ebfu qu\u00ed v\u1ecb c\u1ea7n d\u1ecbch v\u1ee5, <strong>xin g\u1ecdi cho ch\u00fang t\u00f4i \u0111\u1ec3 \u0111\u01b0\u1ee3c t\u01b0 v\u1ea5n tr\u00ean \u0111i\u1ec7n tho\u1ea1i. <\/strong><\/p>\n<p>N\u1ebfu c\u1ea7n ch\u00fang t\u00f4i s\u1ebd l\u00e0m h\u1eb9n.[\/vc_column_text][vc_raw_html]JTNDZGl2JTIwc3R5bGUlM0QlMjJ3aWR0aCUzQSUyMDEwMCUyNSUyMiUzRSUzQ2lmcmFtZSUyMHdpZHRoJTNEJTIyMTAwJTI1JTIyJTIwaGVpZ2h0JTNEJTIyMzAwJTIyJTIwc3JjJTNEJTIyaHR0cHMlM0ElMkYlMkZ3d3cuZ29vZ2xlLmNvbSUyRm1hcHMlMkZlbWJlZCUzRnBiJTNEJTIxMW0xNCUyMTFtOCUyMTFtMyUyMTFkMTE1NDYuNTYzODYyMzA0MDElMjEyZC03OS4zODY4MTA4JTIxM2Q0My42NTU2Mzc3JTIxM20yJTIxMWkxMDI0JTIxMmk3NjglMjE0ZjEzLjElMjEzbTMlMjExbTIlMjExczB4MCUyNTNBMHhjNjYyOGU4ZTNmZTFkNTZjJTIxMnNDaGluZXNlJTI1MjAlMjUyNiUyNTIwU291dGhlYXN0JTI1MjBBc2lhbiUyNTIwTGVnYWwlMjUyMENsaW5pYyUyMTVlMCUyMTNtMiUyMTFzZW4lMjEyc2NhJTIxNHYxNTY5OTUzMTg2OTAxJTIxNW0yJTIxMXNlbiUyMTJzY2ElMjIlM0VDcmVhdGUlMjBhJTIwY3VzdG9tJTIwR29vZ2xlJTIwTWFwJTNDJTJGYSUzRSUyMGJ5JTIwJTNDYSUyMGhyZWYlM0QlMjJodHRwcyUzQSUyRiUyRnd3dy5tYXBzZGlyZWN0aW9ucy5pbmZvJTJGZW4lMkYlMjIlM0VVSyUyME1hcHMlM0MlMkZhJTNFJTNDJTJGaWZyYW1lJTNFJTNDJTJGZGl2JTNF[\/vc_raw_html][\/vc_column][\/vc_row]<\/p>\n<\/section>","protected":false},"excerpt":{"rendered":"<p>[vc_row][vc_column][vc_widget_sidebar sidebar_id=&#8221;fontresizer&#8221;][\/vc_column][\/vc_row][vc_row equal_height=&#8221;yes&#8221; content_placement=&#8221;middle&#8221;][vc_column width=&#8221;1\/2&#8243; el_class=&#8221;startup-contact-info&#8221;][g5plus_heading sub_color=&#8221;accent-color&#8221; underline=&#8221;true&#8221; title=&#8221;LI\u00caN L\u1ea0C&#8221; css=&#8221;.vc_custom_1499244662755{margin-bottom: 25px !important;}&#8221;][vc_raw_html]JTNDZGl2JTIwY2xhc3MlM0QlMjJjb250YWN0LWluZm8lMjIlM0UlMjAlMEElM0NkaXYlMjBjbGFzcyUzRCUyMiVDNCU5MCVFMSVCQiU4QmElMjBDaCVFMSVCQiU4OSUyMiUzRSUwQSUzQ2g2JTNFJUM0JTkwJUUxJUJCJThBQSUyMENIJUUxJUJCJTg4JTNDJTJGaDYlM0UlMEElM0NwJTNFJTNDaSUyMGNsYXNzJTNEJTIyZmElMjBmYS1tYXAlMjIlM0UlM0MlMkZpJTNFJTI2bmJzcDEyMyUyMEVkd2FyZCUyMFN0cmVldCUyQyUyMFN1aXRlJTJDJTIwNTA1JTJDJTIwJTIwVG9yb250byUyQyUyME9udGFyaW8lMjBNNUclMjAxRTIlM0NiciUzRSUwQSUyOER1bmRhcyUyMGFuZCUyMFVuaXZlcnNpdHklMjkuJTNDJTJGcCUzRSUwQSUzQyUyRmRpdiUzRSUwQSUwQSUzQ2g2JTNFRS1NQUlMJTNDJTJGaDYlM0UlMEElM0NwJTNFJTNDaSUyMGNsYXNzJTNEJTIyZmElMjBmYS1lbnZlbG9wZSUyMiUzRSUzQyUyRmklM0Vjc2FsZWdhbGNsaW5pYyU0MGdtYWlsLmNvbSUzQyUyRnAlM0UlMEElMEElM0NoNiUzRSVDNCU5MEklRTElQkIlODZOJTIwVEhPJUUxJUJBJUEwSSUzQyUyRmg2JTNFJTBBJTNDcCUzRSUzQ2klMjBjbGFzcyUzRCUyMmZhJTIwZmEtcGhvbmUlMjIlM0UlM0MlMkZpJTNFJTI2bmJzcDQxNi05NzEtOTY3NCUzQyUyRnAlM0UlMEElMEElMEElM0NoNiUzRVRPTEwlMjBNSSVFMSVCQiU4NE4lMjBQSCVDMyU4RCUzQyUyRmg2JTNFJTBBJTNDcCUzRSUzQ2klMjBjbGFzcyUzRCUyMmZhJTIwZmEtcGhvbmUlMjIlM0UlM0MlMkZpJTNFJTI2bmJzcDEtODQ0LTk3MS05Njc0JTNDJTJGcCUzRSUwQSUwQSUzQ2g2JTNFRkFYJTNDJTJGaDYlM0UlMEElM0NwJTNFJTNDaSUyMGNsYXNzJTNEJTIyZmElMjBmYS1mYXglMjIlM0UlM0MlMkZpJTNFJTI2bmJzcDQxNi05NzEtNjc4MCUzQyUyRnAlM0UlMEElM0NoNiUzRU0lRTElQkElQTBORyUyMEwlQzYlQUYlRTElQkIlOUFJJTIwWCVDMyU4MyUyMEglRTElQkIlOThJJTNDJTJGaDYlM0UlMEElMEElM0MlMkZkaXYlM0U=[\/vc_raw_html][vc_column_text][\/vc_column_text][\/vc_column][vc_column width=&#8221;1\/2&#8243;][g5plus_space desktop=&#8221;65&#8243; tablet=&#8221;30&#8243; tablet_portrait=&#8221;30&#8243; mobile_landscape=&#8221;20&#8243; mobile=&#8221;20&#8243;][g5plus_heading title_size=&#8221;30&#8243; sub_color=&#8221;accent-color&#8221; underline=&#8221;true&#8221; title=&#8221;Gi\u1edd L\u00e0m Vi\u1ec7c&#8221; css=&#8221;.vc_custom_1510174192190{margin-bottom: 25px !important;}&#8221;][vc_raw_html]JTNDZGl2JTIwY2xhc3MlM0QlMjJjb250YWN0LWluZm8lMjIlM0UlMjAlMEElM0NwJTNFJTNDaSUyMGNsYXNzJTNEJTIyZmElMjBmYS1jbG9jay1vJTIyJTNFJTNDJTJGaSUzRSUyNm5ic3BUaCVFMSVCQiVBOSUyMEhhaSUyQyUyMFRoJUUxJUJCJUE5JTIwTiVDNCU4M20lMjB2JUMzJUEwJTIwVGglRTElQkIlQTklMjBTJUMzJUExdSUzQSUyMDklMjBnaSVFMSVCQiU5RCUyMHMlQzMlQTFuZyUyMCVDNCU5MSVFMSVCQSVCRm4lMjA1JTIwZ2klRTElQkIlOUQlMjBjaGklRTElQkIlODF1JTNDJTJGcCUzRSUwQSUzQ3AlM0UlM0NpJTIwY2xhc3MlM0QlMjJmYSUyMGZhLWNsb2NrLW8lMjIlM0UlM0MlMkZpJTNFJTI2bmJzcFRoJUUxJUJCJUE5JTIwQmElM0ElMjAxMiUyMGdpJUUxJUJCJTlEJTIwdHIlQzYlQjBhJTIwJUM0JTkxJUUxJUJBJUJGbiUyMDclMjBnaSVFMSVCQiU5RCUyMHQlRTElQkIlOTFpJTNDJTJGcCUzRSUwQSUzQ3AlM0UlM0NpJTIwY2xhc3MlM0QlMjJmYSUyMGZhLWNsb2NrLW8lMjIlM0UlM0MlMkZpJTNFJTI2bmJzcENoaSVFMSVCQiU4MXUlMjBUaCVFMSVCQiVBOSUyMFQlQzYlQjAlM0ElMjAxJTIwJUM0JTkxJUUxJUJBJUJGbiUyMDUlMjBnaSVFMSVCQiU5RCUyMGNoaSVFMSVCQiU4MXUlM0MlMkZwJTNFJTBBJTNDcCUzRSUzQ2klMjBjbGFzcyUzRCUyMmZhJTIwZmEtY2xvY2stbyUyMiUzRSUzQyUyRmklM0UlMjZuYnNwJTI4VGglRTElQkIlQTklMjBCJUUxJUJBJUEzeSUyMHYlQzMlQTAlMjBDaCVFMSVCQiVBNyUyME5oJUUxJUJBJUFEdCUyMCVDNCU5MSVDMyVCM25nJTIwYyVFMSVCQiVBRGElMjklM0MlMkZwJTNFJTBBJTNDJTJGZGl2JTNFJTBBJTBBJTBBJTBB[\/vc_raw_html][vc_column_text]N\u1ebfu qu\u00ed v\u1ecb [&hellip;]<\/p>\n","protected":false},"author":1,"featured_media":0,"parent":0,"menu_order":0,"comment_status":"closed","ping_status":"closed","template":"","meta":{"give_campaign_id":0,"footnotes":""},"class_list":["post-6892","page","type-page","status-publish","hentry"],"yoast_head":"<!-- This site is optimized with the Yoast SEO plugin v26.8 - https:\/\/yoast.com\/product\/yoast-seo-wordpress\/ -->\n<title>LI\u00caN L\u1ea0C - CSALC<\/title>\n<meta name=\"robots\" content=\"index, follow, max-snippet:-1, max-image-preview:large, max-video-preview:-1\" \/>\n<link rel=\"canonical\" href=\"https:\/\/csalc.ca\/vi\/contact\/\" \/>\n<meta property=\"og:locale\" content=\"vi_VN\" \/>\n<meta property=\"og:type\" content=\"article\" \/>\n<meta property=\"og:title\" content=\"LI\u00caN L\u1ea0C - CSALC\" \/>\n<meta property=\"og:description\" content=\"[vc_row][vc_column][vc_widget_sidebar sidebar_id=&#8221;fontresizer&#8221;][\/vc_column][\/vc_row][vc_row equal_height=&#8221;yes&#8221; content_placement=&#8221;middle&#8221;][vc_column width=&#8221;1\/2&#8243; el_class=&#8221;startup-contact-info&#8221;][g5plus_heading sub_color=&#8221;accent-color&#8221; underline=&#8221;true&#8221; title=&#8221;LI\u00caN L\u1ea0C&#8221; css=&#8221;.vc_custom_1499244662755{margin-bottom: 25px !important;}&#8221;][vc_raw_html]JTNDZGl2JTIwY2xhc3MlM0QlMjJjb250YWN0LWluZm8lMjIlM0UlMjAlMEElM0NkaXYlMjBjbGFzcyUzRCUyMiVDNCU5MCVFMSVCQiU4QmElMjBDaCVFMSVCQiU4OSUyMiUzRSUwQSUzQ2g2JTNFJUM0JTkwJUUxJUJCJThBQSUyMENIJUUxJUJCJTg4JTNDJTJGaDYlM0UlMEElM0NwJTNFJTNDaSUyMGNsYXNzJTNEJTIyZmElMjBmYS1tYXAlMjIlM0UlM0MlMkZpJTNFJTI2bmJzcDEyMyUyMEVkd2FyZCUyMFN0cmVldCUyQyUyMFN1aXRlJTJDJTIwNTA1JTJDJTIwJTIwVG9yb250byUyQyUyME9udGFyaW8lMjBNNUclMjAxRTIlM0NiciUzRSUwQSUyOER1bmRhcyUyMGFuZCUyMFVuaXZlcnNpdHklMjkuJTNDJTJGcCUzRSUwQSUzQyUyRmRpdiUzRSUwQSUwQSUzQ2g2JTNFRS1NQUlMJTNDJTJGaDYlM0UlMEElM0NwJTNFJTNDaSUyMGNsYXNzJTNEJTIyZmElMjBmYS1lbnZlbG9wZSUyMiUzRSUzQyUyRmklM0Vjc2FsZWdhbGNsaW5pYyU0MGdtYWlsLmNvbSUzQyUyRnAlM0UlMEElMEElM0NoNiUzRSVDNCU5MEklRTElQkIlODZOJTIwVEhPJUUxJUJBJUEwSSUzQyUyRmg2JTNFJTBBJTNDcCUzRSUzQ2klMjBjbGFzcyUzRCUyMmZhJTIwZmEtcGhvbmUlMjIlM0UlM0MlMkZpJTNFJTI2bmJzcDQxNi05NzEtOTY3NCUzQyUyRnAlM0UlMEElMEElMEElM0NoNiUzRVRPTEwlMjBNSSVFMSVCQiU4NE4lMjBQSCVDMyU4RCUzQyUyRmg2JTNFJTBBJTNDcCUzRSUzQ2klMjBjbGFzcyUzRCUyMmZhJTIwZmEtcGhvbmUlMjIlM0UlM0MlMkZpJTNFJTI2bmJzcDEtODQ0LTk3MS05Njc0JTNDJTJGcCUzRSUwQSUwQSUzQ2g2JTNFRkFYJTNDJTJGaDYlM0UlMEElM0NwJTNFJTNDaSUyMGNsYXNzJTNEJTIyZmElMjBmYS1mYXglMjIlM0UlM0MlMkZpJTNFJTI2bmJzcDQxNi05NzEtNjc4MCUzQyUyRnAlM0UlMEElM0NoNiUzRU0lRTElQkElQTBORyUyMEwlQzYlQUYlRTElQkIlOUFJJTIwWCVDMyU4MyUyMEglRTElQkIlOThJJTNDJTJGaDYlM0UlMEElMEElM0MlMkZkaXYlM0U=[\/vc_raw_html][vc_column_text][\/vc_column_text][\/vc_column][vc_column width=&#8221;1\/2&#8243;][g5plus_space desktop=&#8221;65&#8243; tablet=&#8221;30&#8243; tablet_portrait=&#8221;30&#8243; mobile_landscape=&#8221;20&#8243; mobile=&#8221;20&#8243;][g5plus_heading title_size=&#8221;30&#8243; sub_color=&#8221;accent-color&#8221; underline=&#8221;true&#8221; title=&#8221;Gi\u1edd L\u00e0m Vi\u1ec7c&#8221; css=&#8221;.vc_custom_1510174192190{margin-bottom: 25px !important;}&#8221;][vc_raw_html]JTNDZGl2JTIwY2xhc3MlM0QlMjJjb250YWN0LWluZm8lMjIlM0UlMjAlMEElM0NwJTNFJTNDaSUyMGNsYXNzJTNEJTIyZmElMjBmYS1jbG9jay1vJTIyJTNFJTNDJTJGaSUzRSUyNm5ic3BUaCVFMSVCQiVBOSUyMEhhaSUyQyUyMFRoJUUxJUJCJUE5JTIwTiVDNCU4M20lMjB2JUMzJUEwJTIwVGglRTElQkIlQTklMjBTJUMzJUExdSUzQSUyMDklMjBnaSVFMSVCQiU5RCUyMHMlQzMlQTFuZyUyMCVDNCU5MSVFMSVCQSVCRm4lMjA1JTIwZ2klRTElQkIlOUQlMjBjaGklRTElQkIlODF1JTNDJTJGcCUzRSUwQSUzQ3AlM0UlM0NpJTIwY2xhc3MlM0QlMjJmYSUyMGZhLWNsb2NrLW8lMjIlM0UlM0MlMkZpJTNFJTI2bmJzcFRoJUUxJUJCJUE5JTIwQmElM0ElMjAxMiUyMGdpJUUxJUJCJTlEJTIwdHIlQzYlQjBhJTIwJUM0JTkxJUUxJUJBJUJGbiUyMDclMjBnaSVFMSVCQiU5RCUyMHQlRTElQkIlOTFpJTNDJTJGcCUzRSUwQSUzQ3AlM0UlM0NpJTIwY2xhc3MlM0QlMjJmYSUyMGZhLWNsb2NrLW8lMjIlM0UlM0MlMkZpJTNFJTI2bmJzcENoaSVFMSVCQiU4MXUlMjBUaCVFMSVCQiVBOSUyMFQlQzYlQjAlM0ElMjAxJTIwJUM0JTkxJUUxJUJBJUJGbiUyMDUlMjBnaSVFMSVCQiU5RCUyMGNoaSVFMSVCQiU4MXUlM0MlMkZwJTNFJTBBJTNDcCUzRSUzQ2klMjBjbGFzcyUzRCUyMmZhJTIwZmEtY2xvY2stbyUyMiUzRSUzQyUyRmklM0UlMjZuYnNwJTI4VGglRTElQkIlQTklMjBCJUUxJUJBJUEzeSUyMHYlQzMlQTAlMjBDaCVFMSVCQiVBNyUyME5oJUUxJUJBJUFEdCUyMCVDNCU5MSVDMyVCM25nJTIwYyVFMSVCQiVBRGElMjklM0MlMkZwJTNFJTBBJTNDJTJGZGl2JTNFJTBBJTBBJTBBJTBB[\/vc_raw_html][vc_column_text]N\u1ebfu qu\u00ed v\u1ecb [&hellip;]\" \/>\n<meta property=\"og:url\" content=\"https:\/\/csalc.ca\/vi\/contact\/\" \/>\n<meta property=\"og:site_name\" content=\"CSALC\" \/>\n<meta property=\"article:modified_time\" content=\"2023-09-13T23:03:04+00:00\" \/>\n<meta name=\"twitter:card\" content=\"summary_large_image\" \/>\n<meta name=\"twitter:label1\" content=\"Est. reading time\" \/>\n\t<meta name=\"twitter:data1\" content=\"1 minute\" \/>\n<script type=\"application\/ld+json\" class=\"yoast-schema-graph\">{\"@context\":\"https:\/\/schema.org\",\"@graph\":[{\"@type\":\"WebPage\",\"@id\":\"https:\/\/csalc.ca\/vi\/contact\/\",\"url\":\"https:\/\/csalc.ca\/vi\/contact\/\",\"name\":\"LI\u00caN L\u1ea0C - CSALC\",\"isPartOf\":{\"@id\":\"https:\/\/csalc.ca\/vi\/#website\"},\"datePublished\":\"2017-07-05T08:55:11+00:00\",\"dateModified\":\"2023-09-13T23:03:04+00:00\",\"breadcrumb\":{\"@id\":\"https:\/\/csalc.ca\/vi\/contact\/#breadcrumb\"},\"inLanguage\":\"vi-VN\",\"potentialAction\":[{\"@type\":\"ReadAction\",\"target\":[\"https:\/\/csalc.ca\/vi\/contact\/\"]}]},{\"@type\":\"BreadcrumbList\",\"@id\":\"https:\/\/csalc.ca\/vi\/contact\/#breadcrumb\",\"itemListElement\":[{\"@type\":\"ListItem\",\"position\":1,\"name\":\"Home\",\"item\":\"https:\/\/csalc.ca\/vi\/\"},{\"@type\":\"ListItem\",\"position\":2,\"name\":\"LI\u00caN L\u1ea0C\"}]},{\"@type\":\"WebSite\",\"@id\":\"https:\/\/csalc.ca\/vi\/#website\",\"url\":\"https:\/\/csalc.ca\/vi\/\",\"name\":\"CSALC\",\"description\":\"Chinese and Southeast Asian Legal Clinic\",\"potentialAction\":[{\"@type\":\"SearchAction\",\"target\":{\"@type\":\"EntryPoint\",\"urlTemplate\":\"https:\/\/csalc.ca\/vi\/?s={search_term_string}\"},\"query-input\":{\"@type\":\"PropertyValueSpecification\",\"valueRequired\":true,\"valueName\":\"search_term_string\"}}],\"inLanguage\":\"vi-VN\"}]}<\/script>\n<!-- \/ Yoast SEO plugin. -->","yoast_head_json":{"title":"LI\u00caN L\u1ea0C - CSALC","robots":{"index":"index","follow":"follow","max-snippet":"max-snippet:-1","max-image-preview":"max-image-preview:large","max-video-preview":"max-video-preview:-1"},"canonical":"https:\/\/csalc.ca\/vi\/contact\/","og_locale":"vi_VN","og_type":"article","og_title":"LI\u00caN L\u1ea0C - CSALC","og_description":"[vc_row][vc_column][vc_widget_sidebar sidebar_id=&#8221;fontresizer&#8221;][\/vc_column][\/vc_row][vc_row equal_height=&#8221;yes&#8221; content_placement=&#8221;middle&#8221;][vc_column width=&#8221;1\/2&#8243; el_class=&#8221;startup-contact-info&#8221;][g5plus_heading sub_color=&#8221;accent-color&#8221; underline=&#8221;true&#8221; title=&#8221;LI\u00caN L\u1ea0C&#8221; css=&#8221;.vc_custom_1499244662755{margin-bottom: 25px !important;}&#8221;][vc_raw_html]JTNDZGl2JTIwY2xhc3MlM0QlMjJjb250YWN0LWluZm8lMjIlM0UlMjAlMEElM0NkaXYlMjBjbGFzcyUzRCUyMiVDNCU5MCVFMSVCQiU4QmElMjBDaCVFMSVCQiU4OSUyMiUzRSUwQSUzQ2g2JTNFJUM0JTkwJUUxJUJCJThBQSUyMENIJUUxJUJCJTg4JTNDJTJGaDYlM0UlMEElM0NwJTNFJTNDaSUyMGNsYXNzJTNEJTIyZmElMjBmYS1tYXAlMjIlM0UlM0MlMkZpJTNFJTI2bmJzcDEyMyUyMEVkd2FyZCUyMFN0cmVldCUyQyUyMFN1aXRlJTJDJTIwNTA1JTJDJTIwJTIwVG9yb250byUyQyUyME9udGFyaW8lMjBNNUclMjAxRTIlM0NiciUzRSUwQSUyOER1bmRhcyUyMGFuZCUyMFVuaXZlcnNpdHklMjkuJTNDJTJGcCUzRSUwQSUzQyUyRmRpdiUzRSUwQSUwQSUzQ2g2JTNFRS1NQUlMJTNDJTJGaDYlM0UlMEElM0NwJTNFJTNDaSUyMGNsYXNzJTNEJTIyZmElMjBmYS1lbnZlbG9wZSUyMiUzRSUzQyUyRmklM0Vjc2FsZWdhbGNsaW5pYyU0MGdtYWlsLmNvbSUzQyUyRnAlM0UlMEElMEElM0NoNiUzRSVDNCU5MEklRTElQkIlODZOJTIwVEhPJUUxJUJBJUEwSSUzQyUyRmg2JTNFJTBBJTNDcCUzRSUzQ2klMjBjbGFzcyUzRCUyMmZhJTIwZmEtcGhvbmUlMjIlM0UlM0MlMkZpJTNFJTI2bmJzcDQxNi05NzEtOTY3NCUzQyUyRnAlM0UlMEElMEElMEElM0NoNiUzRVRPTEwlMjBNSSVFMSVCQiU4NE4lMjBQSCVDMyU4RCUzQyUyRmg2JTNFJTBBJTNDcCUzRSUzQ2klMjBjbGFzcyUzRCUyMmZhJTIwZmEtcGhvbmUlMjIlM0UlM0MlMkZpJTNFJTI2bmJzcDEtODQ0LTk3MS05Njc0JTNDJTJGcCUzRSUwQSUwQSUzQ2g2JTNFRkFYJTNDJTJGaDYlM0UlMEElM0NwJTNFJTNDaSUyMGNsYXNzJTNEJTIyZmElMjBmYS1mYXglMjIlM0UlM0MlMkZpJTNFJTI2bmJzcDQxNi05NzEtNjc4MCUzQyUyRnAlM0UlMEElM0NoNiUzRU0lRTElQkElQTBORyUyMEwlQzYlQUYlRTElQkIlOUFJJTIwWCVDMyU4MyUyMEglRTElQkIlOThJJTNDJTJGaDYlM0UlMEElMEElM0MlMkZkaXYlM0U=[\/vc_raw_html][vc_column_text][\/vc_column_text][\/vc_column][vc_column width=&#8221;1\/2&#8243;][g5plus_space desktop=&#8221;65&#8243; tablet=&#8221;30&#8243; tablet_portrait=&#8221;30&#8243; mobile_landscape=&#8221;20&#8243; mobile=&#8221;20&#8243;][g5plus_heading title_size=&#8221;30&#8243; sub_color=&#8221;accent-color&#8221; underline=&#8221;true&#8221; title=&#8221;Gi\u1edd L\u00e0m Vi\u1ec7c&#8221; css=&#8221;.vc_custom_1510174192190{margin-bottom: 25px !important;}&#8221;][vc_raw_html]JTNDZGl2JTIwY2xhc3MlM0QlMjJjb250YWN0LWluZm8lMjIlM0UlMjAlMEElM0NwJTNFJTNDaSUyMGNsYXNzJTNEJTIyZmElMjBmYS1jbG9jay1vJTIyJTNFJTNDJTJGaSUzRSUyNm5ic3BUaCVFMSVCQiVBOSUyMEhhaSUyQyUyMFRoJUUxJUJCJUE5JTIwTiVDNCU4M20lMjB2JUMzJUEwJTIwVGglRTElQkIlQTklMjBTJUMzJUExdSUzQSUyMDklMjBnaSVFMSVCQiU5RCUyMHMlQzMlQTFuZyUyMCVDNCU5MSVFMSVCQSVCRm4lMjA1JTIwZ2klRTElQkIlOUQlMjBjaGklRTElQkIlODF1JTNDJTJGcCUzRSUwQSUzQ3AlM0UlM0NpJTIwY2xhc3MlM0QlMjJmYSUyMGZhLWNsb2NrLW8lMjIlM0UlM0MlMkZpJTNFJTI2bmJzcFRoJUUxJUJCJUE5JTIwQmElM0ElMjAxMiUyMGdpJUUxJUJCJTlEJTIwdHIlQzYlQjBhJTIwJUM0JTkxJUUxJUJBJUJGbiUyMDclMjBnaSVFMSVCQiU5RCUyMHQlRTElQkIlOTFpJTNDJTJGcCUzRSUwQSUzQ3AlM0UlM0NpJTIwY2xhc3MlM0QlMjJmYSUyMGZhLWNsb2NrLW8lMjIlM0UlM0MlMkZpJTNFJTI2bmJzcENoaSVFMSVCQiU4MXUlMjBUaCVFMSVCQiVBOSUyMFQlQzYlQjAlM0ElMjAxJTIwJUM0JTkxJUUxJUJBJUJGbiUyMDUlMjBnaSVFMSVCQiU5RCUyMGNoaSVFMSVCQiU4MXUlM0MlMkZwJTNFJTBBJTNDcCUzRSUzQ2klMjBjbGFzcyUzRCUyMmZhJTIwZmEtY2xvY2stbyUyMiUzRSUzQyUyRmklM0UlMjZuYnNwJTI4VGglRTElQkIlQTklMjBCJUUxJUJBJUEzeSUyMHYlQzMlQTAlMjBDaCVFMSVCQiVBNyUyME5oJUUxJUJBJUFEdCUyMCVDNCU5MSVDMyVCM25nJTIwYyVFMSVCQiVBRGElMjklM0MlMkZwJTNFJTBBJTNDJTJGZGl2JTNFJTBBJTBBJTBBJTBB[\/vc_raw_html][vc_column_text]N\u1ebfu qu\u00ed v\u1ecb [&hellip;]","og_url":"https:\/\/csalc.ca\/vi\/contact\/","og_site_name":"CSALC","article_modified_time":"2023-09-13T23:03:04+00:00","twitter_card":"summary_large_image","twitter_misc":{"Est. reading time":"1 minute"},"schema":{"@context":"https:\/\/schema.org","@graph":[{"@type":"WebPage","@id":"https:\/\/csalc.ca\/vi\/contact\/","url":"https:\/\/csalc.ca\/vi\/contact\/","name":"LI\u00caN L\u1ea0C - CSALC","isPartOf":{"@id":"https:\/\/csalc.ca\/vi\/#website"},"datePublished":"2017-07-05T08:55:11+00:00","dateModified":"2023-09-13T23:03:04+00:00","breadcrumb":{"@id":"https:\/\/csalc.ca\/vi\/contact\/#breadcrumb"},"inLanguage":"vi-VN","potentialAction":[{"@type":"ReadAction","target":["https:\/\/csalc.ca\/vi\/contact\/"]}]},{"@type":"BreadcrumbList","@id":"https:\/\/csalc.ca\/vi\/contact\/#breadcrumb","itemListElement":[{"@type":"ListItem","position":1,"name":"Home","item":"https:\/\/csalc.ca\/vi\/"},{"@type":"ListItem","position":2,"name":"LI\u00caN L\u1ea0C"}]},{"@type":"WebSite","@id":"https:\/\/csalc.ca\/vi\/#website","url":"https:\/\/csalc.ca\/vi\/","name":"CSALC","description":"Chinese and Southeast Asian Legal Clinic","potentialAction":[{"@type":"SearchAction","target":{"@type":"EntryPoint","urlTemplate":"https:\/\/csalc.ca\/vi\/?s={search_term_string}"},"query-input":{"@type":"PropertyValueSpecification","valueRequired":true,"valueName":"search_term_string"}}],"inLanguage":"vi-VN"}]}},"campaignId":"","_links":{"self":[{"href":"https:\/\/csalc.ca\/vi\/wp-json\/wp\/v2\/pages\/6892","targetHints":{"allow":["GET"]}}],"collection":[{"href":"https:\/\/csalc.ca\/vi\/wp-json\/wp\/v2\/pages"}],"about":[{"href":"https:\/\/csalc.ca\/vi\/wp-json\/wp\/v2\/types\/page"}],"author":[{"embeddable":true,"href":"https:\/\/csalc.ca\/vi\/wp-json\/wp\/v2\/users\/1"}],"replies":[{"embeddable":true,"href":"https:\/\/csalc.ca\/vi\/wp-json\/wp\/v2\/comments?post=6892"}],"version-history":[{"count":17,"href":"https:\/\/csalc.ca\/vi\/wp-json\/wp\/v2\/pages\/6892\/revisions"}],"predecessor-version":[{"id":9823,"href":"https:\/\/csalc.ca\/vi\/wp-json\/wp\/v2\/pages\/6892\/revisions\/9823"}],"wp:attachment":[{"href":"https:\/\/csalc.ca\/vi\/wp-json\/wp\/v2\/media?parent=6892"}],"curies":[{"name":"wp","href":"https:\/\/api.w.org\/{rel}","templated":true}]}}